{"id":4293,"date":"2018-11-19T16:00:45","date_gmt":"2018-11-19T16:00:45","guid":{"rendered":"https:\/\/www.tag-der-gfk.org\/?page_id=4293"},"modified":"2019-06-20T07:47:58","modified_gmt":"2019-06-20T07:47:58","slug":"unterstuetzen","status":"publish","type":"page","link":"http:\/\/www.tag-der-gfk.org\/en\/supporting","title":{"rendered":"Supporting"},"content":{"rendered":"<p class=\"translation-block\">At this time the project group \"NVC Day\" receives its financing from the <a href=\"https:\/\/www.tag-der-gfk.org\/en\/unterstuetzende-organisationen\/\" target=\"_self\">supporting organisations<\/a>.<\/p>\n<p>If you would like to provid financial support, we will be happy to receive your donation to the account of  D-A-CH e. V.:<\/p>\n<p><strong>D-A-CH e. V.<\/strong><br \/>\n<strong>IBAN: DE56430609677005957700\u00a0 <\/strong><br \/>\n<strong>BIC: GENODEM1GLS<\/strong><br \/>\n<strong>Reference: Donation Day of NVC<br \/>\n<\/strong><\/p>\n<p>100% of your donation will be received by the project group.  Upoon request we will send you a contribution receipt for tax purposes.<\/p>","protected":false},"excerpt":{"rendered":"<p>Die organisations\u00fcbergreifende Projektgruppe zum &#8222;Tag der Gewaltfreien Kommunikation&#8220; finanziert sich zurzeit durch Zuwendungen der unterst\u00fctzenden Organisationen. Wenn Du uns auch unterst\u00fctzen m\u00f6chtest, freuen wir uns \u00fcber eine Spende auf das Konto des gemeinn\u00fctzigen D-A-CH e. V.: D-A-CH e. V. IBAN: DE56430609677005957700\u00a0 BIC: GENODEM1GLS Verwendungszweck: Spende Tag der GFK&#8220; Die Spendengelder werden zu 100% der Projektgruppe zur Verf\u00fcgung gestellt und eine Spendenquittung f\u00fcr die steuerliche Anerkennung kann ausgestellt werden.<\/p>","protected":false},"author":2,"featured_media":0,"parent":0,"menu_order":0,"comment_status":"closed","ping_status":"closed","template":"","meta":{"footnotes":""},"class_list":["post-4293","page","type-page","status-publish","hentry"],"yoast_head":"<!-- This site is optimized with the Yoast SEO plugin v27.4 - https:\/\/yoast.com\/product\/yoast-seo-wordpress\/ -->\n<title>Unterst\u00fctzen - Tag der Gewaltfreien Kommunikation<\/title>\n<meta name=\"description\" content=\"Die organisations\u00fcbergreifende Projektgruppe zum &quot;Tag der Gewaltfreien Kommunikation&quot; finanziert sich zurzeit durch Zuwendungen der unterst\u00fctzenden Organisationen.\" \/>\n<meta name=\"robots\" content=\"index, follow, max-snippet:-1, max-image-preview:large, max-video-preview:-1\" \/>\n<link rel=\"canonical\" href=\"https:\/\/www.tag-der-gfk.org\/en\/unterstuetzen\/\" \/>\n<meta property=\"og:locale\" content=\"en_GB\" \/>\n<meta property=\"og:type\" content=\"article\" \/>\n<meta property=\"og:title\" content=\"Unterst\u00fctzen - Tag der Gewaltfreien Kommunikation\" \/>\n<meta property=\"og:description\" content=\"Die organisations\u00fcbergreifende Projektgruppe zum &quot;Tag der Gewaltfreien Kommunikation&quot; finanziert sich zurzeit durch Zuwendungen der unterst\u00fctzenden Organisationen.\" \/>\n<meta property=\"og:url\" content=\"https:\/\/www.tag-der-gfk.org\/en\/unterstuetzen\/\" \/>\n<meta property=\"og:site_name\" content=\"Tag der Gewaltfreien Kommunikation\" \/>\n<meta property=\"article:modified_time\" content=\"2019-06-20T07:47:58+00:00\" \/>\n<meta name=\"twitter:card\" content=\"summary_large_image\" \/>\n<script type=\"application\/ld+json\" class=\"yoast-schema-graph\">{\"@context\":\"https:\\\/\\\/schema.org\",\"@graph\":[{\"@type\":\"WebPage\",\"@id\":\"https:\\\/\\\/www.tag-der-gfk.org\\\/unterstuetzen\",\"url\":\"https:\\\/\\\/www.tag-der-gfk.org\\\/unterstuetzen\",\"name\":\"Unterst\u00fctzen - Tag der Gewaltfreien Kommunikation\",\"isPartOf\":{\"@id\":\"https:\\\/\\\/www.tag-der-gfk.org\\\/#website\"},\"datePublished\":\"2018-11-19T16:00:45+00:00\",\"dateModified\":\"2019-06-20T07:47:58+00:00\",\"description\":\"Die organisations\u00fcbergreifende Projektgruppe zum \\\"Tag der Gewaltfreien Kommunikation\\\" finanziert sich zurzeit durch Zuwendungen der unterst\u00fctzenden Organisationen.\",\"breadcrumb\":{\"@id\":\"https:\\\/\\\/www.tag-der-gfk.org\\\/unterstuetzen#breadcrumb\"},\"inLanguage\":\"en-GB\",\"potentialAction\":[{\"@type\":\"ReadAction\",\"target\":[\"https:\\\/\\\/www.tag-der-gfk.org\\\/unterstuetzen\"]}]},{\"@type\":\"BreadcrumbList\",\"@id\":\"https:\\\/\\\/www.tag-der-gfk.org\\\/unterstuetzen#breadcrumb\",\"itemListElement\":[{\"@type\":\"ListItem\",\"position\":1,\"name\":\"Startseite\",\"item\":\"https:\\\/\\\/www.tag-der-gfk.org\\\/\"},{\"@type\":\"ListItem\",\"position\":2,\"name\":\"Unterst\u00fctzen\"}]},{\"@type\":\"WebSite\",\"@id\":\"https:\\\/\\\/www.tag-der-gfk.org\\\/#website\",\"url\":\"https:\\\/\\\/www.tag-der-gfk.org\\\/\",\"name\":\"Tag der Gewaltfreien Kommunikation\",\"description\":\"\",\"publisher\":{\"@id\":\"https:\\\/\\\/www.tag-der-gfk.org\\\/#organization\"},\"potentialAction\":[{\"@type\":\"SearchAction\",\"target\":{\"@type\":\"EntryPoint\",\"urlTemplate\":\"https:\\\/\\\/www.tag-der-gfk.org\\\/?s={search_term_string}\"},\"query-input\":{\"@type\":\"PropertyValueSpecification\",\"valueRequired\":true,\"valueName\":\"search_term_string\"}}],\"inLanguage\":\"en-GB\"},{\"@type\":\"Organization\",\"@id\":\"https:\\\/\\\/www.tag-der-gfk.org\\\/#organization\",\"name\":\"Projektgruppe Tag der Gewaltfreien Kommunikation\",\"url\":\"https:\\\/\\\/www.tag-der-gfk.org\\\/\",\"logo\":{\"@type\":\"ImageObject\",\"inLanguage\":\"en-GB\",\"@id\":\"https:\\\/\\\/www.tag-der-gfk.org\\\/#\\\/schema\\\/logo\\\/image\\\/\",\"url\":\"https:\\\/\\\/www.tag-der-gfk.org\\\/wp-content\\\/uploads\\\/2018\\\/08\\\/Logo-Tag-der-GFK-final-Durckqualit\u00e4t.jpg\",\"contentUrl\":\"https:\\\/\\\/www.tag-der-gfk.org\\\/wp-content\\\/uploads\\\/2018\\\/08\\\/Logo-Tag-der-GFK-final-Durckqualit\u00e4t.jpg\",\"width\":4870,\"height\":2285,\"caption\":\"Projektgruppe Tag der Gewaltfreien Kommunikation\"},\"image\":{\"@id\":\"https:\\\/\\\/www.tag-der-gfk.org\\\/#\\\/schema\\\/logo\\\/image\\\/\"}}]}<\/script>\n<!-- \/ Yoast SEO plugin. -->","yoast_head_json":{"title":"Supporting- Day of Nonviolent Communication","description":"The cross-organizational project group on the \"Day of Nonviolent Communication\" is currently financed by donations from the supporting ...","robots":{"index":"index","follow":"follow","max-snippet":"max-snippet:-1","max-image-preview":"max-image-preview:large","max-video-preview":"max-video-preview:-1"},"canonical":"https:\/\/www.tag-der-gfk.org\/en\/unterstuetzen\/","og_locale":"en_GB","og_type":"article","og_title":"Unterst\u00fctzen - Tag der Gewaltfreien Kommunikation","og_description":"Die organisations\u00fcbergreifende Projektgruppe zum \"Tag der Gewaltfreien Kommunikation\" finanziert sich zurzeit durch Zuwendungen der unterst\u00fctzenden Organisationen.","og_url":"https:\/\/www.tag-der-gfk.org\/en\/unterstuetzen\/","og_site_name":"Tag der Gewaltfreien Kommunikation","article_modified_time":"2019-06-20T07:47:58+00:00","twitter_card":"summary_large_image","schema":{"@context":"https:\/\/schema.org","@graph":[{"@type":"WebPage","@id":"https:\/\/www.tag-der-gfk.org\/unterstuetzen","url":"https:\/\/www.tag-der-gfk.org\/unterstuetzen","name":"Supporting- Day of Nonviolent Communication","isPartOf":{"@id":"https:\/\/www.tag-der-gfk.org\/#website"},"datePublished":"2018-11-19T16:00:45+00:00","dateModified":"2019-06-20T07:47:58+00:00","description":"The cross-organizational project group on the \"Day of Nonviolent Communication\" is currently financed by donations from the supporting ...","breadcrumb":{"@id":"https:\/\/www.tag-der-gfk.org\/unterstuetzen#breadcrumb"},"inLanguage":"en-GB","potentialAction":[{"@type":"ReadAction","target":["https:\/\/www.tag-der-gfk.org\/unterstuetzen"]}]},{"@type":"BreadcrumbList","@id":"https:\/\/www.tag-der-gfk.org\/unterstuetzen#breadcrumb","itemListElement":[{"@type":"ListItem","position":1,"name":"Startseite","item":"https:\/\/www.tag-der-gfk.org\/"},{"@type":"ListItem","position":2,"name":"Unterst\u00fctzen"}]},{"@type":"WebSite","@id":"https:\/\/www.tag-der-gfk.org\/#website","url":"https:\/\/www.tag-der-gfk.org\/","name":"Day of Nonviolent Communication","description":"","publisher":{"@id":"https:\/\/www.tag-der-gfk.org\/#organization"},"potentialAction":[{"@type":"SearchAction","target":{"@type":"EntryPoint","urlTemplate":"https:\/\/www.tag-der-gfk.org\/?s={search_term_string}"},"query-input":{"@type":"PropertyValueSpecification","valueRequired":true,"valueName":"search_term_string"}}],"inLanguage":"en-GB"},{"@type":"Organization","@id":"https:\/\/www.tag-der-gfk.org\/#organization","name":"Projektgruppe Tag der Gewaltfreien Kommunikation","url":"https:\/\/www.tag-der-gfk.org\/","logo":{"@type":"ImageObject","inLanguage":"en-GB","@id":"https:\/\/www.tag-der-gfk.org\/#\/schema\/logo\/image\/","url":"https:\/\/www.tag-der-gfk.org\/wp-content\/uploads\/2018\/08\/Logo-Tag-der-GFK-final-Durckqualit\u00e4t.jpg","contentUrl":"https:\/\/www.tag-der-gfk.org\/wp-content\/uploads\/2018\/08\/Logo-Tag-der-GFK-final-Durckqualit\u00e4t.jpg","width":4870,"height":2285,"caption":"Projektgruppe Tag der Gewaltfreien Kommunikation"},"image":{"@id":"https:\/\/www.tag-der-gfk.org\/#\/schema\/logo\/image\/"}}]}},"_links":{"self":[{"href":"http:\/\/www.tag-der-gfk.org\/en\/wp-json\/wp\/v2\/pages\/4293","targetHints":{"allow":["GET"]}}],"collection":[{"href":"http:\/\/www.tag-der-gfk.org\/en\/wp-json\/wp\/v2\/pages"}],"about":[{"href":"http:\/\/www.tag-der-gfk.org\/en\/wp-json\/wp\/v2\/types\/page"}],"author":[{"embeddable":true,"href":"http:\/\/www.tag-der-gfk.org\/en\/wp-json\/wp\/v2\/users\/2"}],"replies":[{"embeddable":true,"href":"http:\/\/www.tag-der-gfk.org\/en\/wp-json\/wp\/v2\/comments?post=4293"}],"version-history":[{"count":0,"href":"http:\/\/www.tag-der-gfk.org\/en\/wp-json\/wp\/v2\/pages\/4293\/revisions"}],"wp:attachment":[{"href":"http:\/\/www.tag-der-gfk.org\/en\/wp-json\/wp\/v2\/media?parent=4293"}],"curies":[{"name":"wp","href":"https:\/\/api.w.org\/{rel}","templated":true}]}}