{"id":26,"date":"2018-04-30T19:42:58","date_gmt":"2018-04-30T19:42:58","guid":{"rendered":"http:\/\/entwurf.tag-der-gfk.org\/?page_id=26"},"modified":"2025-07-18T15:16:30","modified_gmt":"2025-07-18T13:16:30","slug":"impressum","status":"publish","type":"page","link":"https:\/\/www.tag-der-gfk.org\/en\/legal-notice","title":{"rendered":"Legal notice"},"content":{"rendered":"<h2><strong>Legal notice<\/strong><\/h2>\n<h3><strong>Legal notice according to \u00a7 5 TMG Telemediengesetz:<\/strong><\/h3>\n<p><strong>Responsible for content<\/strong><\/p>\n<p><strong>project group day of nonviolent communication<br \/>\n<\/strong>Email: info(at)day-of-nvc.org<\/p>\n<p><strong>represented by<\/strong><\/p>\n<p><strong>(1) Fachverband Gewaltfreie Kommunikation e. V.<br \/>\n<\/strong>Olbersstr. 10, 10589 Berlin<br \/>\nTel: +49 30 98 32 26 67<\/p>\n<p>E-Mail: kontakt(at)fachverband-gfk.org<\/p>\n<p>Vertreten durch den Vorstand: Melanie Bieber, Ulrike Michalski<br \/>\nThe organization is registered under VR 720785 at the district court of Stuttgart.<\/p>\n<p><strong>(2) D-A-CH deutsch sprechender Gruppen f\u00fcr Gewaltfreie Kommunikation e. V.<br \/>\n<\/strong><br \/>\nThe organization is registered under VR 83354 at the district court of Darmstadt.<\/p>\n<p><strong>Responsible for content according to \u00a7 55 Abs. 2 RStV:<\/strong><\/p>\n<p>Petra Porath<br \/>\nZirbelkopfstr. 4, 82467 Garmisch-Partenkirchen<br \/>\nTel: +49 8821 \/ 6108680<\/p>\n<p>Email: info(at)day-of-nvc.org<strong>\u00a0<\/strong><\/p>\n<p><strong>Responsible for design and technical realization:<\/strong><\/p>\n<p><a href=\"http:\/\/www.commuto-webdesign.de\" target=\"_blank\" rel=\"noopener noreferrer\">Commuto Webdesign<br \/>\n<\/a><em>an offering of <\/em><em><a href=\"http:\/\/www.commuto.de\" target=\"_blank\" rel=\"noopener noreferrer\">commuto, Kommunikation und Beratung e.K.<\/a><\/em><\/p>\n<h3><strong>Sources for images and graphics on this site<\/strong><\/h3>\n<p class=\"translation-block\"><strong>Hintergrundbild<\/strong><br>\nPhotographer <a href=\"https:\/\/pixabay.com\/de\/users\/ArminDropic-8202813\/\" target=\"_self\">ArminDropic<\/a>, Pixabay.com<\/p>\n<p><strong>More photos from Pixabay.com<\/strong><br \/>\n<a href=\"http:\/\/pixabay.com\/\">http:\/\/pixabay.com<\/a><\/p>\n<p>In addition the attribution to a photographer or source in some instances may be found directly with the image.<\/p>\n<h3><strong>Disclaimer<\/strong><\/h3>\n<p><strong>Haftung f\u00fcr Inhalte<\/strong><\/p>\n<p>Als Diensteanbieter sind wir gem\u00e4\u00df \u00a7 7 Abs.1 TMG f\u00fcr eigene Inhalte auf diesen Seiten nach den allgemeinen Gesetzen verantwortlich. Nach \u00a7\u00a7 8 bis 10 TMG sind wir als Diensteanbieter jedoch nicht verpflichtet, \u00fcbermittelte oder gespeicherte fremde Informationen zu \u00fcberwachen oder nach Umst\u00e4nden zu forschen, die auf eine rechtswidrige T\u00e4tigkeit hinweisen. Verpflichtungen zur Entfernung oder Sperrung der Nutzung von Informationen nach den allgemeinen Gesetzen bleiben hiervon unber\u00fchrt. Eine diesbez\u00fcgliche Haftung ist jedoch erst ab dem Zeitpunkt der Kenntnis einer konkreten Rechtsverletzung m\u00f6glich. Bei Bekanntwerden von entsprechenden Rechtsverletzungen werden wir diese Inhalte umgehend entfernen.<\/p>\n<p><strong>Haftung f\u00fcr Links<\/strong><\/p>\n<p>Unser Angebot enth\u00e4lt Links zu externen Webseiten Dritter, auf deren Inhalte wir keinen Einfluss haben. Deshalb k\u00f6nnen wir f\u00fcr diese fremden Inhalte auch keine Gew\u00e4hr \u00fcbernehmen. F\u00fcr die Inhalte der verlinkten Seiten ist stets der jeweilige Anbieter oder Betreiber der Seiten verantwortlich. Die verlinkten Seiten wurden zum Zeitpunkt der Verlinkung auf m\u00f6gliche Rechtsverst\u00f6\u00dfe \u00fcberpr\u00fcft. Rechtswidrige Inhalte waren zum Zeitpunkt der Verlinkung nicht erkennbar. Eine permanente inhaltliche Kontrolle der verlinkten Seiten ist jedoch ohne konkrete Anhaltspunkte einer Rechtsverletzung nicht zumutbar. Bei Bekanntwerden von Rechtsverletzungen werden wir derartige Links umgehend entfernen.<\/p>\n<p><strong>Urheberrecht<\/strong><\/p>\n<p>Die durch die Seitenbetreiber erstellten Inhalte und Werke auf diesen Seiten unterliegen dem deutschen Urheberrecht. Die Vervielf\u00e4ltigung, Bearbeitung, Verbreitung und jede Art der Verwertung au\u00dferhalb der Grenzen des Urheberrechtes bed\u00fcrfen der schriftlichen Zustimmung des jeweiligen Autors bzw. Erstellers. Downloads und Kopien dieser Seite sind nur f\u00fcr den privaten, nicht kommerziellen Gebrauch gestattet. Soweit die Inhalte auf dieser Seite nicht vom Betreiber erstellt wurden, werden die Urheberrechte Dritter beachtet. Insbesondere werden Inhalte Dritter als solche gekennzeichnet. Sollten Sie trotzdem auf eine Urheberrechtsverletzung aufmerksam werden, bitten wir um einen entsprechenden Hinweis. Bei Bekanntwerden von Rechtsverletzungen werden wir derartige Inhalte umgehend entfernen.<\/p>\n<p><em>Quellenangabe: <\/em><a href=\"http:\/\/www.e-recht24.de\/\"><em>eRecht24<\/em><\/a><\/p>\n<p>&nbsp;<\/p>","protected":false},"excerpt":{"rendered":"<p>Impressum Hinweis nach \u00a7 5 TMG Anbieter Projektgruppe &#8222;Tag der Gewaltfreien Kommunikation&#8220; E-Mail: info(at)tag-der-gfk.org vertreten durch (1) Fachverband Gewaltfreie Kommunikation e. V. Olbersstr. 10, 10589 Berlin Tel: +49 30 98 32 26 67 E-Mail: kontakt(at)fachverband-gfk.org Vertreten durch den Vorstand: Melanie Bieber, Ulrike Michalski Der Verein ist unter der Registernummer VR 720785 beim Amtsgericht Stuttgart eingetragen. (2) D-A-CH deutsch sprechender Gruppen f\u00fcr Gewaltfreie Kommunikation e. V. Der Verein ist unter der Registerummer VR 83354 beim Amtsgericht Darmstadt eingetragen. F\u00fcr den Inhalt&hellip;<\/p>","protected":false},"author":2,"featured_media":0,"parent":0,"menu_order":0,"comment_status":"closed","ping_status":"closed","template":"","meta":{"footnotes":""},"class_list":["post-26","page","type-page","status-publish","hentry"],"yoast_head":"<!-- This site is optimized with the Yoast SEO plugin v27.4 - https:\/\/yoast.com\/product\/yoast-seo-wordpress\/ -->\n<title>Impressum - Tag der Gewaltfreien Kommunikation<\/title>\n<meta name=\"description\" content=\"Impressum gem\u00e4\u00df \u00a7 5 TMG\" \/>\n<meta name=\"robots\" content=\"index, follow, max-snippet:-1, max-image-preview:large, max-video-preview:-1\" \/>\n<link rel=\"canonical\" href=\"https:\/\/www.tag-der-gfk.org\/en\/impressum\/\" \/>\n<meta property=\"og:locale\" content=\"en_GB\" \/>\n<meta property=\"og:type\" content=\"article\" \/>\n<meta property=\"og:title\" content=\"Impressum - Tag der Gewaltfreien Kommunikation\" \/>\n<meta property=\"og:description\" content=\"Impressum gem\u00e4\u00df \u00a7 5 TMG\" \/>\n<meta property=\"og:url\" content=\"https:\/\/www.tag-der-gfk.org\/en\/impressum\/\" \/>\n<meta property=\"og:site_name\" content=\"Tag der Gewaltfreien Kommunikation\" \/>\n<meta property=\"article:modified_time\" content=\"2025-07-18T13:16:30+00:00\" \/>\n<meta name=\"twitter:card\" content=\"summary_large_image\" \/>\n<meta name=\"twitter:label1\" content=\"Estimated reading time\" \/>\n\t<meta name=\"twitter:data1\" content=\"3 minutes\" \/>\n<script type=\"application\/ld+json\" class=\"yoast-schema-graph\">{\"@context\":\"https:\\\/\\\/schema.org\",\"@graph\":[{\"@type\":\"WebPage\",\"@id\":\"https:\\\/\\\/www.tag-der-gfk.org\\\/impressum\",\"url\":\"https:\\\/\\\/www.tag-der-gfk.org\\\/impressum\",\"name\":\"Impressum - Tag der Gewaltfreien Kommunikation\",\"isPartOf\":{\"@id\":\"https:\\\/\\\/www.tag-der-gfk.org\\\/#website\"},\"datePublished\":\"2018-04-30T19:42:58+00:00\",\"dateModified\":\"2025-07-18T13:16:30+00:00\",\"description\":\"Impressum gem\u00e4\u00df \u00a7 5 TMG\",\"breadcrumb\":{\"@id\":\"https:\\\/\\\/www.tag-der-gfk.org\\\/impressum#breadcrumb\"},\"inLanguage\":\"en-GB\",\"potentialAction\":[{\"@type\":\"ReadAction\",\"target\":[\"https:\\\/\\\/www.tag-der-gfk.org\\\/impressum\"]}]},{\"@type\":\"BreadcrumbList\",\"@id\":\"https:\\\/\\\/www.tag-der-gfk.org\\\/impressum#breadcrumb\",\"itemListElement\":[{\"@type\":\"ListItem\",\"position\":1,\"name\":\"Startseite\",\"item\":\"https:\\\/\\\/www.tag-der-gfk.org\\\/\"},{\"@type\":\"ListItem\",\"position\":2,\"name\":\"Impressum\"}]},{\"@type\":\"WebSite\",\"@id\":\"https:\\\/\\\/www.tag-der-gfk.org\\\/#website\",\"url\":\"https:\\\/\\\/www.tag-der-gfk.org\\\/\",\"name\":\"Tag der Gewaltfreien Kommunikation\",\"description\":\"\",\"publisher\":{\"@id\":\"https:\\\/\\\/www.tag-der-gfk.org\\\/#organization\"},\"potentialAction\":[{\"@type\":\"SearchAction\",\"target\":{\"@type\":\"EntryPoint\",\"urlTemplate\":\"https:\\\/\\\/www.tag-der-gfk.org\\\/?s={search_term_string}\"},\"query-input\":{\"@type\":\"PropertyValueSpecification\",\"valueRequired\":true,\"valueName\":\"search_term_string\"}}],\"inLanguage\":\"en-GB\"},{\"@type\":\"Organization\",\"@id\":\"https:\\\/\\\/www.tag-der-gfk.org\\\/#organization\",\"name\":\"Projektgruppe Tag der Gewaltfreien Kommunikation\",\"url\":\"https:\\\/\\\/www.tag-der-gfk.org\\\/\",\"logo\":{\"@type\":\"ImageObject\",\"inLanguage\":\"en-GB\",\"@id\":\"https:\\\/\\\/www.tag-der-gfk.org\\\/#\\\/schema\\\/logo\\\/image\\\/\",\"url\":\"https:\\\/\\\/www.tag-der-gfk.org\\\/wp-content\\\/uploads\\\/2018\\\/08\\\/Logo-Tag-der-GFK-final-Durckqualit\u00e4t.jpg\",\"contentUrl\":\"https:\\\/\\\/www.tag-der-gfk.org\\\/wp-content\\\/uploads\\\/2018\\\/08\\\/Logo-Tag-der-GFK-final-Durckqualit\u00e4t.jpg\",\"width\":4870,\"height\":2285,\"caption\":\"Projektgruppe Tag der Gewaltfreien Kommunikation\"},\"image\":{\"@id\":\"https:\\\/\\\/www.tag-der-gfk.org\\\/#\\\/schema\\\/logo\\\/image\\\/\"}}]}<\/script>\n<!-- \/ Yoast SEO plugin. -->","yoast_head_json":{"title":"Legal notice - Day of Nonviolent Communication","description":"Legal notice according to \u00a7 5 TMG","robots":{"index":"index","follow":"follow","max-snippet":"max-snippet:-1","max-image-preview":"max-image-preview:large","max-video-preview":"max-video-preview:-1"},"canonical":"https:\/\/www.tag-der-gfk.org\/en\/impressum\/","og_locale":"en_GB","og_type":"article","og_title":"Impressum - Tag der Gewaltfreien Kommunikation","og_description":"Impressum gem\u00e4\u00df \u00a7 5 TMG","og_url":"https:\/\/www.tag-der-gfk.org\/en\/impressum\/","og_site_name":"Tag der Gewaltfreien Kommunikation","article_modified_time":"2025-07-18T13:16:30+00:00","twitter_card":"summary_large_image","twitter_misc":{"Estimated reading time":"3 minutes"},"schema":{"@context":"https:\/\/schema.org","@graph":[{"@type":"WebPage","@id":"https:\/\/www.tag-der-gfk.org\/impressum","url":"https:\/\/www.tag-der-gfk.org\/impressum","name":"Legal notice - Day of Nonviolent Communication","isPartOf":{"@id":"https:\/\/www.tag-der-gfk.org\/#website"},"datePublished":"2018-04-30T19:42:58+00:00","dateModified":"2025-07-18T13:16:30+00:00","description":"Legal notice according to \u00a7 5 TMG","breadcrumb":{"@id":"https:\/\/www.tag-der-gfk.org\/impressum#breadcrumb"},"inLanguage":"en-GB","potentialAction":[{"@type":"ReadAction","target":["https:\/\/www.tag-der-gfk.org\/impressum"]}]},{"@type":"BreadcrumbList","@id":"https:\/\/www.tag-der-gfk.org\/impressum#breadcrumb","itemListElement":[{"@type":"ListItem","position":1,"name":"Startseite","item":"https:\/\/www.tag-der-gfk.org\/"},{"@type":"ListItem","position":2,"name":"Impressum"}]},{"@type":"WebSite","@id":"https:\/\/www.tag-der-gfk.org\/#website","url":"https:\/\/www.tag-der-gfk.org\/","name":"Day of Nonviolent Communication","description":"","publisher":{"@id":"https:\/\/www.tag-der-gfk.org\/#organization"},"potentialAction":[{"@type":"SearchAction","target":{"@type":"EntryPoint","urlTemplate":"https:\/\/www.tag-der-gfk.org\/?s={search_term_string}"},"query-input":{"@type":"PropertyValueSpecification","valueRequired":true,"valueName":"search_term_string"}}],"inLanguage":"en-GB"},{"@type":"Organization","@id":"https:\/\/www.tag-der-gfk.org\/#organization","name":"Projektgruppe Tag der Gewaltfreien Kommunikation","url":"https:\/\/www.tag-der-gfk.org\/","logo":{"@type":"ImageObject","inLanguage":"en-GB","@id":"https:\/\/www.tag-der-gfk.org\/#\/schema\/logo\/image\/","url":"https:\/\/www.tag-der-gfk.org\/wp-content\/uploads\/2018\/08\/Logo-Tag-der-GFK-final-Durckqualit\u00e4t.jpg","contentUrl":"https:\/\/www.tag-der-gfk.org\/wp-content\/uploads\/2018\/08\/Logo-Tag-der-GFK-final-Durckqualit\u00e4t.jpg","width":4870,"height":2285,"caption":"Projektgruppe Tag der Gewaltfreien Kommunikation"},"image":{"@id":"https:\/\/www.tag-der-gfk.org\/#\/schema\/logo\/image\/"}}]}},"_links":{"self":[{"href":"https:\/\/www.tag-der-gfk.org\/en\/wp-json\/wp\/v2\/pages\/26","targetHints":{"allow":["GET"]}}],"collection":[{"href":"https:\/\/www.tag-der-gfk.org\/en\/wp-json\/wp\/v2\/pages"}],"about":[{"href":"https:\/\/www.tag-der-gfk.org\/en\/wp-json\/wp\/v2\/types\/page"}],"author":[{"embeddable":true,"href":"https:\/\/www.tag-der-gfk.org\/en\/wp-json\/wp\/v2\/users\/2"}],"replies":[{"embeddable":true,"href":"https:\/\/www.tag-der-gfk.org\/en\/wp-json\/wp\/v2\/comments?post=26"}],"version-history":[{"count":2,"href":"https:\/\/www.tag-der-gfk.org\/en\/wp-json\/wp\/v2\/pages\/26\/revisions"}],"predecessor-version":[{"id":58232,"href":"https:\/\/www.tag-der-gfk.org\/en\/wp-json\/wp\/v2\/pages\/26\/revisions\/58232"}],"wp:attachment":[{"href":"https:\/\/www.tag-der-gfk.org\/en\/wp-json\/wp\/v2\/media?parent=26"}],"curies":[{"name":"wp","href":"https:\/\/api.w.org\/{rel}","templated":true}]}}