{"id":3671,"date":"2018-05-07T15:50:37","date_gmt":"2018-05-07T15:50:37","guid":{"rendered":"http:\/\/entwurf3.tag-der-gfk.org\/veranstaltungen"},"modified":"2025-12-22T19:10:50","modified_gmt":"2025-12-22T18:10:50","slug":"aktivitaet-einstellen","status":"publish","type":"page","link":"https:\/\/www.tag-der-gfk.org\/en\/activities\/publish-activity","title":{"rendered":"Register activity"},"content":{"rendered":"<div id=\"pl-3671\" class=\"panel-layout\">\n<div id=\"pg-3671-0\" class=\"panel-grid panel-no-style\" data-style=\"{&quot;background_image_attachment&quot;:false,&quot;background_display&quot;:&quot;tile&quot;,&quot;cell_alignment&quot;:&quot;flex-start&quot;}\" data-ratio=\"1\" data-ratio-direction=\"right\">\n<div id=\"pgc-3671-0-0\" class=\"panel-grid-cell\" data-weight=\"1\">\n<div id=\"panel-3671-0-0-0\" class=\"so-panel widget widget_text panel-first-child panel-last-child\" data-index=\"0\" data-style=\"{&quot;background_image_attachment&quot;:false,&quot;background_display&quot;:&quot;tile&quot;}\">\n<div class=\"textwidget\">\n<p>Leider gibt es technische Probleme mit der Nutzung von Aktivit\u00e4tseintragungen. Bitte bei Bedarf eine Mail an info@tag-der-gfk.org senden. Wir stellen ihnen dann ein entsprechendes Formular zum Eintragen ihrer Veranstaltungsdetails zur Verf\u00fcgung. Danke f\u00fcr euer Verst\u00e4ndnis, wir arbeiten an der Probleml\u00f6sung.<\/p>\n<p>Du m\u00f6chtest selbst eine Aktivit\u00e4t zum Tag der Gewaltfreien Kommunikation gestalten? Dann hast Du die M\u00f6glichkeit hier Informationen herunterzuladen, die Dich dabei unterst\u00fctzen k\u00f6nnen. <span class=\"markedcontent\">Der Tag der GFK m\u00f6chte als Gedenk- und Aktionstag so verstanden werden, dass mit <\/span><span class=\"markedcontent\">kostenfreien\/kostendeckenden Angeboten auf die GFK aufmerksam gemacht wird, um <\/span><span class=\"markedcontent\">m\u00f6glichst vielen Menschen Zugang zu gew\u00e4hren.<\/span> Gerne kannst Du auch unsere <strong>Aufkleber, Flyer und <a href=\"https:\/\/www.tag-der-gfk.org\/city-cards\">Postkarten<\/a> bestellen<\/strong> und Dir das <strong>Banner<\/strong> zum Tag der GFK <strong>ausleihen<\/strong>. Schreib uns hierzu bitte einfach eine <a href=\"https:\/\/www.tag-der-gfk.org\/kontakt\">Nachricht<\/a>.<\/p>\n<h4>Logo zum Tag der GFK<\/h4>\n<div class='w3eden'><!-- WPDM Link Template: Default Template -->\n\n<div class=\"link-template-default card mb-2\">\n    <div class=\"card-body\">\n        <div class=\"media\">\n            <div class=\"mr-3 img-48\"><img decoding=\"async\" class=\"wpdm_icon\" alt=\"Icon\"   src=\"https:\/\/www.tag-der-gfk.org\/wp-content\/plugins\/download-manager\/assets\/file-type-icons\/bmp.png\" \/><\/div>\n            <div class=\"media-body\">\n                <h3 class=\"package-title\"><a href='https:\/\/www.tag-der-gfk.org\/en\/download\/logo'>Logo<\/a><\/h3>\n                <div class=\"text-muted text-small\"><i class=\"fas fa-copy\"><\/i> 1 file(s) <i class=\"fas fa-hdd ml-3\"><\/i> 568.08 KB<\/div>\n            <\/div>\n            <div class=\"ml-3\">\n                <a href='#unlock' class='wpdm-download-link wpdm-download-locked btn btn-primary ' data-package='3864'>Download<\/a>\n            <\/div>\n        <\/div>\n    <\/div>\n<\/div>\n\n<\/div>\n<p>[emefs_submit_event_form]<\/p>\n\n<div class=\"wpcf7 no-js\" id=\"wpcf7-f11939-o1\" lang=\"en-US\" dir=\"ltr\" data-wpcf7-id=\"11939\">\n<div class=\"screen-reader-response\"><p role=\"status\" aria-live=\"polite\" aria-atomic=\"true\"><\/p> <ul><\/ul><\/div>\n<form action=\"\/en\/wp-json\/wp\/v2\/pages\/3671#wpcf7-f11939-o1\" method=\"post\" class=\"wpcf7-form init\" aria-label=\"Contact form\" enctype=\"multipart\/form-data\" novalidate=\"novalidate\" data-status=\"init\">\n<fieldset class=\"hidden-fields-container\"><input type=\"hidden\" name=\"_wpcf7\" value=\"11939\" \/><input type=\"hidden\" name=\"_wpcf7_version\" value=\"6.1.5\" \/><input type=\"hidden\" name=\"_wpcf7_locale\" value=\"en_US\" \/><input type=\"hidden\" name=\"_wpcf7_unit_tag\" value=\"wpcf7-f11939-o1\" \/><input type=\"hidden\" name=\"_wpcf7_container_post\" value=\"0\" \/><input type=\"hidden\" name=\"_wpcf7_posted_data_hash\" value=\"\" \/>\n<\/fieldset>\n<h2>Veranstaltung eintragen\n<\/h2>\n<p class=\"form_half\">Veranstaltungstitel (erforderlich)\n<\/p>\n<p><span class=\"wpcf7-form-control-wrap\" data-name=\"Veranstaltung\"><input size=\"40\" maxlength=\"400\" class=\"wpcf7-form-control wpcf7-text wpcf7-validates-as-required\" aria-required=\"true\" aria-invalid=\"false\" value=\"\" type=\"text\" name=\"Veranstaltung\" \/><\/span>\n<\/p>\n<p>Beschreibung der Veranstaltung (erforderlich)\n<\/p>\n<p><span class=\"wpcf7-form-control-wrap\" data-name=\"your-message\"><textarea cols=\"40\" rows=\"10\" maxlength=\"2000\" class=\"wpcf7-form-control wpcf7-textarea wpcf7-validates-as-required\" aria-required=\"true\" aria-invalid=\"false\" name=\"your-message\"><\/textarea><\/span>\n<\/p>\n<p>Wo findet die Veranstaltung statt? (erforderlich)\n<\/p>\n<p><span class=\"wpcf7-form-control-wrap\" data-name=\"Ort\"><textarea cols=\"40\" rows=\"10\" maxlength=\"2000\" class=\"wpcf7-form-control wpcf7-textarea wpcf7-validates-as-required\" aria-required=\"true\" aria-invalid=\"false\" name=\"Ort\"><\/textarea><\/span>\n<\/p>\n<p class=\"form_half\">Datum (erforderlich)\n<\/p>\n<p><span class=\"wpcf7-form-control-wrap\" data-name=\"Datum\"><input class=\"wpcf7-form-control wpcf7-date wpcf7-validates-as-required wpcf7-validates-as-date\" aria-required=\"true\" aria-invalid=\"false\" value=\"\" type=\"date\" name=\"Datum\" \/><\/span>\n<\/p>\n<p class=\"form_half\">Uhrzeit (erforderlich)\n<\/p>\n<p><span class=\"wpcf7-form-control-wrap\" data-name=\"Uhrzeit\"><input size=\"40\" maxlength=\"400\" class=\"wpcf7-form-control wpcf7-text wpcf7-validates-as-required\" aria-required=\"true\" aria-invalid=\"false\" value=\"\" type=\"text\" name=\"Uhrzeit\" \/><\/span>\n<\/p>\n<p class=\"form_half\"> Lade bitte ein Titelbild hoch\n<\/p>\n<p><span class=\"wpcf7-form-control-wrap\" data-name=\"Veransatltungsbild\"><input size=\"40\" class=\"wpcf7-form-control wpcf7-file\" accept=\"audio\/*,video\/*,image\/*\" aria-invalid=\"false\" type=\"file\" name=\"Veransatltungsbild\" \/><\/span>\n<\/p>\n<p class=\"form_half\">Dein Name (erforderlich)\n<\/p>\n<p><span class=\"wpcf7-form-control-wrap\" data-name=\"your-name\"><input size=\"40\" maxlength=\"400\" class=\"wpcf7-form-control wpcf7-text wpcf7-validates-as-required\" aria-required=\"true\" aria-invalid=\"false\" value=\"\" type=\"text\" name=\"your-name\" \/><\/span>\n<\/p>\n<p class=\"form_half form_half_last\">Deine E-Mail (erforderlich)\n<\/p>\n<p><span class=\"wpcf7-form-control-wrap\" data-name=\"your-email\"><input size=\"40\" maxlength=\"400\" class=\"wpcf7-form-control wpcf7-email wpcf7-validates-as-required wpcf7-text wpcf7-validates-as-email\" aria-required=\"true\" aria-invalid=\"false\" value=\"\" type=\"email\" name=\"your-email\" \/><\/span>\n<\/p>\n<p>Wir werden die Veranstaltung nach Pr\u00fcfung so schnell wie m\u00f6glich auf der Website ver\u00f6ffentlichen\n<\/p>\n<p><span class=\"wpcf7-form-control-wrap\" data-name=\"acceptance-datenschutz\"><span class=\"wpcf7-form-control wpcf7-acceptance\"><span class=\"wpcf7-list-item\"><label><input type=\"checkbox\" name=\"acceptance-datenschutz\" value=\"1\" aria-invalid=\"false\" \/><span class=\"wpcf7-list-item-label\">Ich habe die <a href=\"\/datenschutz\">Hinweise zum Datenschutz<\/a> gelesen und stimme zu, dass meine Daten zur Kontaktaufnahme und f\u00fcr R\u00fcckfragen dauerhaft gespeichert werden. Diese Zustimmung kann ich jederzeit widerrufen.<\/span><\/label><\/span><\/span><\/span>\n<\/p>\n<p><span id=\"wpcf7-69f86a077e08e-wrapper\" class=\"wpcf7-form-control-wrap website-499-wrap\" style=\"display:none !important; visibility:hidden !important;\"><input type=\"hidden\" name=\"website-499-time-start\" value=\"1777887751\"><input type=\"hidden\" name=\"website-499-time-check\" value=\"4\"><label for=\"wpcf7-69f86a077e08e-field\" class=\"hp-message\">Please leave this field empty.<\/label><input id=\"wpcf7-69f86a077e08e-field\"  class=\"wpcf7-form-control wpcf7-text\" type=\"text\" name=\"website-499\" value=\"\" size=\"40\" tabindex=\"-1\" autocomplete=\"new-password\" \/><\/span>\n<\/p>\n<p><input class=\"wpcf7-form-control wpcf7-submit has-spinner\" type=\"submit\" value=\"Absenden\" \/>\n<\/p><p style=\"display: none !important;\" class=\"akismet-fields-container\" data-prefix=\"_wpcf7_ak_\"><label>&#916;<textarea name=\"_wpcf7_ak_hp_textarea\" cols=\"45\" rows=\"8\" maxlength=\"100\"><\/textarea><\/label><input type=\"hidden\" id=\"ak_js_1\" name=\"_wpcf7_ak_js\" value=\"183\"\/><script>document.getElementById( \"ak_js_1\" ).setAttribute( \"value\", ( new Date() ).getTime() );<\/script><\/p><div class=\"wpcf7-response-output\" aria-hidden=\"true\"><\/div>\n<\/form>\n<\/div>\n\n<\/div>\n<\/div>\n<\/div>\n<\/div>\n<\/div>\n","protected":false},"excerpt":{"rendered":"<p>Leider gibt es technische Probleme mit der Nutzung von Aktivit\u00e4tseintragungen. Bitte bei Bedarf eine Mail an info@tag-der-gfk.org senden. Wir stellen ihnen dann ein entsprechendes Formular zum Eintragen ihrer Veranstaltungsdetails zur Verf\u00fcgung. Danke f\u00fcr euer Verst\u00e4ndnis, wir arbeiten an der Probleml\u00f6sung. Du m\u00f6chtest selbst eine Aktivit\u00e4t zum Tag der Gewaltfreien Kommunikation gestalten? Dann hast Du die M\u00f6glichkeit hier Informationen herunterzuladen, die Dich dabei unterst\u00fctzen k\u00f6nnen. Der Tag der GFK m\u00f6chte als Gedenk- und Aktionstag so verstanden werden, dass mit kostenfreien\/kostendeckenden Angeboten&hellip;<\/p>","protected":false},"author":2,"featured_media":0,"parent":3673,"menu_order":0,"comment_status":"closed","ping_status":"closed","template":"","meta":{"footnotes":""},"class_list":["post-3671","page","type-page","status-publish","hentry"],"yoast_head":"<!-- This site is optimized with the Yoast SEO plugin v27.5 - https:\/\/yoast.com\/product\/yoast-seo-wordpress\/ -->\n<title>Aktivit\u00e4t eintragen - Tag der Gewaltfreien Kommunikation<\/title>\n<meta name=\"description\" content=\"Du m\u00f6chtest selbst eine Aktivit\u00e4t zum Tag der Gewalfreien Kommunikation initiieren? HIer kannst Du diese kostenlos einstellen und ver\u00f6ffentlichen.\" \/>\n<meta name=\"robots\" content=\"index, follow, max-snippet:-1, max-image-preview:large, max-video-preview:-1\" \/>\n<link rel=\"canonical\" href=\"https:\/\/www.tag-der-gfk.org\/en\/aktivitaeten\/aktivitaet-einstellen\/\" \/>\n<meta property=\"og:locale\" content=\"en_GB\" \/>\n<meta property=\"og:type\" content=\"article\" \/>\n<meta property=\"og:title\" content=\"Aktivit\u00e4t eintragen - Tag der Gewaltfreien Kommunikation\" \/>\n<meta property=\"og:description\" content=\"Du m\u00f6chtest selbst eine Aktivit\u00e4t zum Tag der Gewalfreien Kommunikation initiieren? HIer kannst Du diese kostenlos einstellen und ver\u00f6ffentlichen.\" \/>\n<meta property=\"og:url\" content=\"https:\/\/www.tag-der-gfk.org\/en\/aktivitaeten\/aktivitaet-einstellen\/\" \/>\n<meta property=\"og:site_name\" content=\"Tag der Gewaltfreien Kommunikation\" \/>\n<meta property=\"article:modified_time\" content=\"2025-12-22T18:10:50+00:00\" \/>\n<meta name=\"twitter:card\" content=\"summary_large_image\" \/>\n<meta name=\"twitter:label1\" content=\"Estimated reading time\" \/>\n\t<meta name=\"twitter:data1\" content=\"1 minute\" \/>\n<script type=\"application\/ld+json\" class=\"yoast-schema-graph\">{\"@context\":\"https:\\\/\\\/schema.org\",\"@graph\":[{\"@type\":\"WebPage\",\"@id\":\"https:\\\/\\\/www.tag-der-gfk.org\\\/aktivitaeten\\\/aktivitaet-einstellen\",\"url\":\"https:\\\/\\\/www.tag-der-gfk.org\\\/aktivitaeten\\\/aktivitaet-einstellen\",\"name\":\"Aktivit\u00e4t eintragen - Tag der Gewaltfreien Kommunikation\",\"isPartOf\":{\"@id\":\"https:\\\/\\\/www.tag-der-gfk.org\\\/#website\"},\"datePublished\":\"2018-05-07T15:50:37+00:00\",\"dateModified\":\"2025-12-22T18:10:50+00:00\",\"description\":\"Du m\u00f6chtest selbst eine Aktivit\u00e4t zum Tag der Gewalfreien Kommunikation initiieren? HIer kannst Du diese kostenlos einstellen und ver\u00f6ffentlichen.\",\"breadcrumb\":{\"@id\":\"https:\\\/\\\/www.tag-der-gfk.org\\\/aktivitaeten\\\/aktivitaet-einstellen#breadcrumb\"},\"inLanguage\":\"en-GB\",\"potentialAction\":[{\"@type\":\"ReadAction\",\"target\":[\"https:\\\/\\\/www.tag-der-gfk.org\\\/aktivitaeten\\\/aktivitaet-einstellen\"]}]},{\"@type\":\"BreadcrumbList\",\"@id\":\"https:\\\/\\\/www.tag-der-gfk.org\\\/aktivitaeten\\\/aktivitaet-einstellen#breadcrumb\",\"itemListElement\":[{\"@type\":\"ListItem\",\"position\":1,\"name\":\"Startseite\",\"item\":\"https:\\\/\\\/www.tag-der-gfk.org\\\/\"},{\"@type\":\"ListItem\",\"position\":2,\"name\":\"Aktivit\u00e4ten\",\"item\":\"https:\\\/\\\/www.tag-der-gfk.org\\\/aktivitaeten\"},{\"@type\":\"ListItem\",\"position\":3,\"name\":\"Aktivit\u00e4t eintragen\"}]},{\"@type\":\"WebSite\",\"@id\":\"https:\\\/\\\/www.tag-der-gfk.org\\\/#website\",\"url\":\"https:\\\/\\\/www.tag-der-gfk.org\\\/\",\"name\":\"Tag der Gewaltfreien Kommunikation\",\"description\":\"\",\"publisher\":{\"@id\":\"https:\\\/\\\/www.tag-der-gfk.org\\\/#organization\"},\"potentialAction\":[{\"@type\":\"SearchAction\",\"target\":{\"@type\":\"EntryPoint\",\"urlTemplate\":\"https:\\\/\\\/www.tag-der-gfk.org\\\/?s={search_term_string}\"},\"query-input\":{\"@type\":\"PropertyValueSpecification\",\"valueRequired\":true,\"valueName\":\"search_term_string\"}}],\"inLanguage\":\"en-GB\"},{\"@type\":\"Organization\",\"@id\":\"https:\\\/\\\/www.tag-der-gfk.org\\\/#organization\",\"name\":\"Projektgruppe Tag der Gewaltfreien Kommunikation\",\"url\":\"https:\\\/\\\/www.tag-der-gfk.org\\\/\",\"logo\":{\"@type\":\"ImageObject\",\"inLanguage\":\"en-GB\",\"@id\":\"https:\\\/\\\/www.tag-der-gfk.org\\\/#\\\/schema\\\/logo\\\/image\\\/\",\"url\":\"https:\\\/\\\/www.tag-der-gfk.org\\\/wp-content\\\/uploads\\\/2018\\\/08\\\/Logo-Tag-der-GFK-final-Durckqualit\u00e4t.jpg\",\"contentUrl\":\"https:\\\/\\\/www.tag-der-gfk.org\\\/wp-content\\\/uploads\\\/2018\\\/08\\\/Logo-Tag-der-GFK-final-Durckqualit\u00e4t.jpg\",\"width\":4870,\"height\":2285,\"caption\":\"Projektgruppe Tag der Gewaltfreien Kommunikation\"},\"image\":{\"@id\":\"https:\\\/\\\/www.tag-der-gfk.org\\\/#\\\/schema\\\/logo\\\/image\\\/\"}}]}<\/script>\n<!-- \/ Yoast SEO plugin. -->","yoast_head_json":{"title":"Aktivit\u00e4t eintragen - Tag der Gewaltfreien Kommunikation","description":"Would you like to initiate an activity on the day of non-violent communication? Here you can post and publish them for free.","robots":{"index":"index","follow":"follow","max-snippet":"max-snippet:-1","max-image-preview":"max-image-preview:large","max-video-preview":"max-video-preview:-1"},"canonical":"https:\/\/www.tag-der-gfk.org\/en\/aktivitaeten\/aktivitaet-einstellen\/","og_locale":"en_GB","og_type":"article","og_title":"Aktivit\u00e4t eintragen - Tag der Gewaltfreien Kommunikation","og_description":"Du m\u00f6chtest selbst eine Aktivit\u00e4t zum Tag der Gewalfreien Kommunikation initiieren? HIer kannst Du diese kostenlos einstellen und ver\u00f6ffentlichen.","og_url":"https:\/\/www.tag-der-gfk.org\/en\/aktivitaeten\/aktivitaet-einstellen\/","og_site_name":"Tag der Gewaltfreien Kommunikation","article_modified_time":"2025-12-22T18:10:50+00:00","twitter_card":"summary_large_image","twitter_misc":{"Estimated reading time":"1 minute"},"schema":{"@context":"https:\/\/schema.org","@graph":[{"@type":"WebPage","@id":"https:\/\/www.tag-der-gfk.org\/aktivitaeten\/aktivitaet-einstellen","url":"https:\/\/www.tag-der-gfk.org\/aktivitaeten\/aktivitaet-einstellen","name":"Aktivit\u00e4t eintragen - Tag der Gewaltfreien Kommunikation","isPartOf":{"@id":"https:\/\/www.tag-der-gfk.org\/#website"},"datePublished":"2018-05-07T15:50:37+00:00","dateModified":"2025-12-22T18:10:50+00:00","description":"Would you like to initiate an activity on the day of non-violent communication? Here you can post and publish them for free.","breadcrumb":{"@id":"https:\/\/www.tag-der-gfk.org\/aktivitaeten\/aktivitaet-einstellen#breadcrumb"},"inLanguage":"en-GB","potentialAction":[{"@type":"ReadAction","target":["https:\/\/www.tag-der-gfk.org\/aktivitaeten\/aktivitaet-einstellen"]}]},{"@type":"BreadcrumbList","@id":"https:\/\/www.tag-der-gfk.org\/aktivitaeten\/aktivitaet-einstellen#breadcrumb","itemListElement":[{"@type":"ListItem","position":1,"name":"Startseite","item":"https:\/\/www.tag-der-gfk.org\/"},{"@type":"ListItem","position":2,"name":"Aktivit\u00e4ten","item":"https:\/\/www.tag-der-gfk.org\/aktivitaeten"},{"@type":"ListItem","position":3,"name":"Aktivit\u00e4t eintragen"}]},{"@type":"WebSite","@id":"https:\/\/www.tag-der-gfk.org\/#website","url":"https:\/\/www.tag-der-gfk.org\/","name":"Day of Nonviolent Communication","description":"","publisher":{"@id":"https:\/\/www.tag-der-gfk.org\/#organization"},"potentialAction":[{"@type":"SearchAction","target":{"@type":"EntryPoint","urlTemplate":"https:\/\/www.tag-der-gfk.org\/?s={search_term_string}"},"query-input":{"@type":"PropertyValueSpecification","valueRequired":true,"valueName":"search_term_string"}}],"inLanguage":"en-GB"},{"@type":"Organization","@id":"https:\/\/www.tag-der-gfk.org\/#organization","name":"Projektgruppe Tag der Gewaltfreien Kommunikation","url":"https:\/\/www.tag-der-gfk.org\/","logo":{"@type":"ImageObject","inLanguage":"en-GB","@id":"https:\/\/www.tag-der-gfk.org\/#\/schema\/logo\/image\/","url":"https:\/\/www.tag-der-gfk.org\/wp-content\/uploads\/2018\/08\/Logo-Tag-der-GFK-final-Durckqualit\u00e4t.jpg","contentUrl":"https:\/\/www.tag-der-gfk.org\/wp-content\/uploads\/2018\/08\/Logo-Tag-der-GFK-final-Durckqualit\u00e4t.jpg","width":4870,"height":2285,"caption":"Projektgruppe Tag der Gewaltfreien Kommunikation"},"image":{"@id":"https:\/\/www.tag-der-gfk.org\/#\/schema\/logo\/image\/"}}]}},"_links":{"self":[{"href":"https:\/\/www.tag-der-gfk.org\/en\/wp-json\/wp\/v2\/pages\/3671","targetHints":{"allow":["GET"]}}],"collection":[{"href":"https:\/\/www.tag-der-gfk.org\/en\/wp-json\/wp\/v2\/pages"}],"about":[{"href":"https:\/\/www.tag-der-gfk.org\/en\/wp-json\/wp\/v2\/types\/page"}],"author":[{"embeddable":true,"href":"https:\/\/www.tag-der-gfk.org\/en\/wp-json\/wp\/v2\/users\/2"}],"replies":[{"embeddable":true,"href":"https:\/\/www.tag-der-gfk.org\/en\/wp-json\/wp\/v2\/comments?post=3671"}],"version-history":[{"count":1,"href":"https:\/\/www.tag-der-gfk.org\/en\/wp-json\/wp\/v2\/pages\/3671\/revisions"}],"predecessor-version":[{"id":136261,"href":"https:\/\/www.tag-der-gfk.org\/en\/wp-json\/wp\/v2\/pages\/3671\/revisions\/136261"}],"up":[{"embeddable":true,"href":"https:\/\/www.tag-der-gfk.org\/en\/wp-json\/wp\/v2\/pages\/3673"}],"wp:attachment":[{"href":"https:\/\/www.tag-der-gfk.org\/en\/wp-json\/wp\/v2\/media?parent=3671"}],"curies":[{"name":"wp","href":"https:\/\/api.w.org\/{rel}","templated":true}]}}