{"id":3673,"date":"2018-05-07T15:51:12","date_gmt":"2018-05-07T15:51:12","guid":{"rendered":"http:\/\/entwurf3.tag-der-gfk.org\/veranstaltungen-2"},"modified":"2026-01-27T17:53:44","modified_gmt":"2026-01-27T16:53:44","slug":"aktivitaeten","status":"publish","type":"page","link":"https:\/\/www.tag-der-gfk.org\/en\/activities","title":{"rendered":"Activities"},"content":{"rendered":"<h1>Activities Day of Nonviolent Communication<\/h1>\n<p>Hier findest du eine \u00dcbersicht der Aktivt\u00e4ten 2026 die rund um den Tag der Gewaltfreien Kommunikation stattfinden und zur Verbreitung dieses Tages betragen wollen. Vergangene Aktivit\u00e4ten findest Du im <a href=\"https:\/\/www.tag-der-gfk.org\/wp-content\/uploads\/2026\/01\/Aktionshandbuch-1.10.pdf\">Aktionshandbuch Vers. 1.10<\/a><\/p>\n<p>Leider gibt es technische Probleme mit der Nutzung von Aktivit\u00e4tseintragungen. Bitte bei Bedarf eine Mail an info@tag-der-gfk.org senden. Wir stellen ihnen dann ein entsprechendes Formular zum Eintragen ihrer Veranstaltungsdetails zur Verf\u00fcgung. Danke f\u00fcr euer Verst\u00e4ndnis, wir arbeiten an der Probleml\u00f6sung.<\/p>\n<p>(Wenn du selbst eine Aktivit\u00e4t hinzuf\u00fcgen m\u00f6chtest, dann nutze einfach dieses <a href=\"https:\/\/www.tag-der-gfk.org\/en\/aktivitaeten\/aktivitaet-einstellen\/\">Formular<\/a>.)<\/p>\n<p class=\"translation-block\">Should you wish to approach actively press and media before carrying out your activity, you may wish to use one of the mailing templates we share on our page <a href=\"https:\/\/www.tag-der-gfk.org\/en\/aktivitaeten\/aktivitaeten-gestalten\" target=\"_self\">Shaping Activities<\/a>.<\/p>\n<hr \/>\n<h1>Tag der GFK 2026<\/h1>\n<table>\n<tbody>\n<tr><td width=\"150\"><p align=\"left\"><b><img loading=\"lazy\" decoding=\"async\" width=\"142\" height=\"140\" src=\"https:\/\/www.tag-der-gfk.org\/wp-content\/uploads\/2025\/09\/GFK-logo-neu-k-verkleinert-Kopie.jpg\" class=\"eme_event_image\" alt=\"\" srcset=\"https:\/\/www.tag-der-gfk.org\/wp-content\/uploads\/2025\/09\/GFK-logo-neu-k-verkleinert-Kopie.jpg 142w, https:\/\/www.tag-der-gfk.org\/wp-content\/uploads\/2025\/09\/GFK-logo-neu-k-verkleinert-Kopie-12x12.jpg 12w\" sizes=\"auto, (max-width: 142px) 100vw, 142px\" \/><\/b><\/p><\/td>\n<td style=\"vertical-align: top\"><p align=\"left\"><strong><a href=\"https:\/\/www.tag-der-gfk.org\/en\/events\/tage-der-gfk-2026-erfurt\">Tage der GFK 2026 &#8211; Erfurt<\/a><\/strong><i> (Workshop)\n<\/i><b>Sat., 03. October<\/b> <b> - Sun, 04. October 2026<\/b>\nvon 9:00 bis 18:00 Uhr\n in Erfurt<\/p><\/td><\/tr>\n<\/tbody>\n<\/table>\n<p>&nbsp;<\/p>","protected":false},"excerpt":{"rendered":"<p>CONTENTS<\/p>","protected":false},"author":2,"featured_media":32,"parent":0,"menu_order":0,"comment_status":"closed","ping_status":"closed","template":"","meta":{"footnotes":""},"class_list":["post-3673","page","type-page","status-publish","has-post-thumbnail","hentry","post-has-thumbnail"],"yoast_head":"<!-- This site is optimized with the Yoast SEO plugin v27.3 - https:\/\/yoast.com\/product\/yoast-seo-wordpress\/ -->\n<title>Aktivit\u00e4ten - Tag der Gewaltfreien Kommunikation<\/title>\n<meta name=\"description\" content=\"Hier findest du eine \u00dcbersicht von Aktivit\u00e4ten, die rund um den Tag der Gewaltfreien Kommunikation stattfinden und zur Verbreitung ...\" \/>\n<meta name=\"robots\" content=\"index, follow, max-snippet:-1, max-image-preview:large, max-video-preview:-1\" \/>\n<link rel=\"canonical\" href=\"https:\/\/www.tag-der-gfk.org\/en\/aktivitaeten\/\" \/>\n<meta property=\"og:locale\" content=\"en_GB\" \/>\n<meta property=\"og:type\" content=\"article\" \/>\n<meta property=\"og:title\" content=\"Aktivit\u00e4ten - Tag der Gewaltfreien Kommunikation\" \/>\n<meta property=\"og:description\" content=\"Hier findest du eine \u00dcbersicht von Aktivit\u00e4ten, die rund um den Tag der Gewaltfreien Kommunikation stattfinden und zur Verbreitung ...\" \/>\n<meta property=\"og:url\" content=\"https:\/\/www.tag-der-gfk.org\/en\/aktivitaeten\/\" \/>\n<meta property=\"og:site_name\" content=\"Tag der Gewaltfreien Kommunikation\" \/>\n<meta property=\"article:modified_time\" content=\"2026-01-27T16:53:44+00:00\" \/>\n<meta property=\"og:image\" content=\"https:\/\/www.tag-der-gfk.org\/wp-content\/uploads\/2018\/04\/Logo-Tag-der-Gewaltfreien-Kommunikation-1.jpg\" \/>\n\t<meta property=\"og:image:width\" content=\"500\" \/>\n\t<meta property=\"og:image:height\" content=\"235\" \/>\n\t<meta property=\"og:image:type\" content=\"image\/jpeg\" \/>\n<meta name=\"twitter:card\" content=\"summary_large_image\" \/>\n<meta name=\"twitter:label1\" content=\"Estimated reading time\" \/>\n\t<meta name=\"twitter:data1\" content=\"1 minute\" \/>\n<script type=\"application\/ld+json\" class=\"yoast-schema-graph\">{\"@context\":\"https:\\\/\\\/schema.org\",\"@graph\":[{\"@type\":\"WebPage\",\"@id\":\"https:\\\/\\\/www.tag-der-gfk.org\\\/aktivitaeten\",\"url\":\"https:\\\/\\\/www.tag-der-gfk.org\\\/aktivitaeten\",\"name\":\"Aktivit\u00e4ten - Tag der Gewaltfreien Kommunikation\",\"isPartOf\":{\"@id\":\"https:\\\/\\\/www.tag-der-gfk.org\\\/#website\"},\"primaryImageOfPage\":{\"@id\":\"https:\\\/\\\/www.tag-der-gfk.org\\\/aktivitaeten#primaryimage\"},\"image\":{\"@id\":\"https:\\\/\\\/www.tag-der-gfk.org\\\/aktivitaeten#primaryimage\"},\"thumbnailUrl\":\"https:\\\/\\\/www.tag-der-gfk.org\\\/wp-content\\\/uploads\\\/2018\\\/04\\\/Logo-Tag-der-Gewaltfreien-Kommunikation-1.jpg\",\"datePublished\":\"2018-05-07T15:51:12+00:00\",\"dateModified\":\"2026-01-27T16:53:44+00:00\",\"description\":\"Hier findest du eine \u00dcbersicht von Aktivit\u00e4ten, die rund um den Tag der Gewaltfreien Kommunikation stattfinden und zur Verbreitung ...\",\"breadcrumb\":{\"@id\":\"https:\\\/\\\/www.tag-der-gfk.org\\\/aktivitaeten#breadcrumb\"},\"inLanguage\":\"en-GB\",\"potentialAction\":[{\"@type\":\"ReadAction\",\"target\":[\"https:\\\/\\\/www.tag-der-gfk.org\\\/aktivitaeten\"]}]},{\"@type\":\"ImageObject\",\"inLanguage\":\"en-GB\",\"@id\":\"https:\\\/\\\/www.tag-der-gfk.org\\\/aktivitaeten#primaryimage\",\"url\":\"https:\\\/\\\/www.tag-der-gfk.org\\\/wp-content\\\/uploads\\\/2018\\\/04\\\/Logo-Tag-der-Gewaltfreien-Kommunikation-1.jpg\",\"contentUrl\":\"https:\\\/\\\/www.tag-der-gfk.org\\\/wp-content\\\/uploads\\\/2018\\\/04\\\/Logo-Tag-der-Gewaltfreien-Kommunikation-1.jpg\",\"width\":500,\"height\":235,\"caption\":\"Aktivit\u00e4ten\"},{\"@type\":\"BreadcrumbList\",\"@id\":\"https:\\\/\\\/www.tag-der-gfk.org\\\/aktivitaeten#breadcrumb\",\"itemListElement\":[{\"@type\":\"ListItem\",\"position\":1,\"name\":\"Startseite\",\"item\":\"https:\\\/\\\/www.tag-der-gfk.org\\\/\"},{\"@type\":\"ListItem\",\"position\":2,\"name\":\"Aktivit\u00e4ten\"}]},{\"@type\":\"WebSite\",\"@id\":\"https:\\\/\\\/www.tag-der-gfk.org\\\/#website\",\"url\":\"https:\\\/\\\/www.tag-der-gfk.org\\\/\",\"name\":\"Tag der Gewaltfreien Kommunikation\",\"description\":\"\",\"publisher\":{\"@id\":\"https:\\\/\\\/www.tag-der-gfk.org\\\/#organization\"},\"potentialAction\":[{\"@type\":\"SearchAction\",\"target\":{\"@type\":\"EntryPoint\",\"urlTemplate\":\"https:\\\/\\\/www.tag-der-gfk.org\\\/?s={search_term_string}\"},\"query-input\":{\"@type\":\"PropertyValueSpecification\",\"valueRequired\":true,\"valueName\":\"search_term_string\"}}],\"inLanguage\":\"en-GB\"},{\"@type\":\"Organization\",\"@id\":\"https:\\\/\\\/www.tag-der-gfk.org\\\/#organization\",\"name\":\"Projektgruppe Tag der Gewaltfreien Kommunikation\",\"url\":\"https:\\\/\\\/www.tag-der-gfk.org\\\/\",\"logo\":{\"@type\":\"ImageObject\",\"inLanguage\":\"en-GB\",\"@id\":\"https:\\\/\\\/www.tag-der-gfk.org\\\/#\\\/schema\\\/logo\\\/image\\\/\",\"url\":\"https:\\\/\\\/www.tag-der-gfk.org\\\/wp-content\\\/uploads\\\/2018\\\/08\\\/Logo-Tag-der-GFK-final-Durckqualit\u00e4t.jpg\",\"contentUrl\":\"https:\\\/\\\/www.tag-der-gfk.org\\\/wp-content\\\/uploads\\\/2018\\\/08\\\/Logo-Tag-der-GFK-final-Durckqualit\u00e4t.jpg\",\"width\":4870,\"height\":2285,\"caption\":\"Projektgruppe Tag der Gewaltfreien Kommunikation\"},\"image\":{\"@id\":\"https:\\\/\\\/www.tag-der-gfk.org\\\/#\\\/schema\\\/logo\\\/image\\\/\"}}]}<\/script>\n<!-- \/ Yoast SEO plugin. -->","yoast_head_json":{"title":"Aktivit\u00e4ten - Tag der Gewaltfreien Kommunikation","description":"Here you will find an overview of activities that take place around the Day of Nonviolent Communication. Our great desire is to contribute to the dissemination of this day.","robots":{"index":"index","follow":"follow","max-snippet":"max-snippet:-1","max-image-preview":"max-image-preview:large","max-video-preview":"max-video-preview:-1"},"canonical":"https:\/\/www.tag-der-gfk.org\/en\/aktivitaeten\/","og_locale":"en_GB","og_type":"article","og_title":"Aktivit\u00e4ten - Tag der Gewaltfreien Kommunikation","og_description":"Hier findest du eine \u00dcbersicht von Aktivit\u00e4ten, die rund um den Tag der Gewaltfreien Kommunikation stattfinden und zur Verbreitung ...","og_url":"https:\/\/www.tag-der-gfk.org\/en\/aktivitaeten\/","og_site_name":"Tag der Gewaltfreien Kommunikation","article_modified_time":"2026-01-27T16:53:44+00:00","og_image":[{"width":500,"height":235,"url":"https:\/\/www.tag-der-gfk.org\/wp-content\/uploads\/2018\/04\/Logo-Tag-der-Gewaltfreien-Kommunikation-1.jpg","type":"image\/jpeg"}],"twitter_card":"summary_large_image","twitter_misc":{"Estimated reading time":"1 minute"},"schema":{"@context":"https:\/\/schema.org","@graph":[{"@type":"WebPage","@id":"https:\/\/www.tag-der-gfk.org\/aktivitaeten","url":"https:\/\/www.tag-der-gfk.org\/aktivitaeten","name":"Aktivit\u00e4ten - Tag der Gewaltfreien Kommunikation","isPartOf":{"@id":"https:\/\/www.tag-der-gfk.org\/#website"},"primaryImageOfPage":{"@id":"https:\/\/www.tag-der-gfk.org\/aktivitaeten#primaryimage"},"image":{"@id":"https:\/\/www.tag-der-gfk.org\/aktivitaeten#primaryimage"},"thumbnailUrl":"https:\/\/www.tag-der-gfk.org\/wp-content\/uploads\/2018\/04\/Logo-Tag-der-Gewaltfreien-Kommunikation-1.jpg","datePublished":"2018-05-07T15:51:12+00:00","dateModified":"2026-01-27T16:53:44+00:00","description":"Here you will find an overview of activities that take place around the Day of Nonviolent Communication. Our great desire is to contribute to the dissemination of this day.","breadcrumb":{"@id":"https:\/\/www.tag-der-gfk.org\/aktivitaeten#breadcrumb"},"inLanguage":"en-GB","potentialAction":[{"@type":"ReadAction","target":["https:\/\/www.tag-der-gfk.org\/aktivitaeten"]}]},{"@type":"ImageObject","inLanguage":"en-GB","@id":"https:\/\/www.tag-der-gfk.org\/aktivitaeten#primaryimage","url":"https:\/\/www.tag-der-gfk.org\/wp-content\/uploads\/2018\/04\/Logo-Tag-der-Gewaltfreien-Kommunikation-1.jpg","contentUrl":"https:\/\/www.tag-der-gfk.org\/wp-content\/uploads\/2018\/04\/Logo-Tag-der-Gewaltfreien-Kommunikation-1.jpg","width":500,"height":235,"caption":"Aktivit\u00e4ten"},{"@type":"BreadcrumbList","@id":"https:\/\/www.tag-der-gfk.org\/aktivitaeten#breadcrumb","itemListElement":[{"@type":"ListItem","position":1,"name":"Startseite","item":"https:\/\/www.tag-der-gfk.org\/"},{"@type":"ListItem","position":2,"name":"Aktivit\u00e4ten"}]},{"@type":"WebSite","@id":"https:\/\/www.tag-der-gfk.org\/#website","url":"https:\/\/www.tag-der-gfk.org\/","name":"Day of Nonviolent Communication","description":"","publisher":{"@id":"https:\/\/www.tag-der-gfk.org\/#organization"},"potentialAction":[{"@type":"SearchAction","target":{"@type":"EntryPoint","urlTemplate":"https:\/\/www.tag-der-gfk.org\/?s={search_term_string}"},"query-input":{"@type":"PropertyValueSpecification","valueRequired":true,"valueName":"search_term_string"}}],"inLanguage":"en-GB"},{"@type":"Organization","@id":"https:\/\/www.tag-der-gfk.org\/#organization","name":"Projektgruppe Tag der Gewaltfreien Kommunikation","url":"https:\/\/www.tag-der-gfk.org\/","logo":{"@type":"ImageObject","inLanguage":"en-GB","@id":"https:\/\/www.tag-der-gfk.org\/#\/schema\/logo\/image\/","url":"https:\/\/www.tag-der-gfk.org\/wp-content\/uploads\/2018\/08\/Logo-Tag-der-GFK-final-Durckqualit\u00e4t.jpg","contentUrl":"https:\/\/www.tag-der-gfk.org\/wp-content\/uploads\/2018\/08\/Logo-Tag-der-GFK-final-Durckqualit\u00e4t.jpg","width":4870,"height":2285,"caption":"Projektgruppe Tag der Gewaltfreien Kommunikation"},"image":{"@id":"https:\/\/www.tag-der-gfk.org\/#\/schema\/logo\/image\/"}}]}},"_links":{"self":[{"href":"https:\/\/www.tag-der-gfk.org\/en\/wp-json\/wp\/v2\/pages\/3673","targetHints":{"allow":["GET"]}}],"collection":[{"href":"https:\/\/www.tag-der-gfk.org\/en\/wp-json\/wp\/v2\/pages"}],"about":[{"href":"https:\/\/www.tag-der-gfk.org\/en\/wp-json\/wp\/v2\/types\/page"}],"author":[{"embeddable":true,"href":"https:\/\/www.tag-der-gfk.org\/en\/wp-json\/wp\/v2\/users\/2"}],"replies":[{"embeddable":true,"href":"https:\/\/www.tag-der-gfk.org\/en\/wp-json\/wp\/v2\/comments?post=3673"}],"version-history":[{"count":15,"href":"https:\/\/www.tag-der-gfk.org\/en\/wp-json\/wp\/v2\/pages\/3673\/revisions"}],"predecessor-version":[{"id":142930,"href":"https:\/\/www.tag-der-gfk.org\/en\/wp-json\/wp\/v2\/pages\/3673\/revisions\/142930"}],"wp:featuredmedia":[{"embeddable":true,"href":"https:\/\/www.tag-der-gfk.org\/en\/wp-json\/wp\/v2\/media\/32"}],"wp:attachment":[{"href":"https:\/\/www.tag-der-gfk.org\/en\/wp-json\/wp\/v2\/media?parent=3673"}],"curies":[{"name":"wp","href":"https:\/\/api.w.org\/{rel}","templated":true}]}}