{"id":3765,"date":"2018-06-16T14:45:43","date_gmt":"2018-06-16T14:45:43","guid":{"rendered":"http:\/\/entwurf3.tag-der-gfk.org\/?page_id=3765"},"modified":"2026-01-11T20:43:52","modified_gmt":"2026-01-11T19:43:52","slug":"mach-mit","status":"publish","type":"page","link":"https:\/\/www.tag-der-gfk.org\/en\/mach-mit","title":{"rendered":"Join in and participate!"},"content":{"rendered":"<h2><strong>Join in and participate!<br \/>\nParticipation in the cross-organizational project group \"Day of Nonviolent Communication\"<\/strong><\/h2>\n<p>Would you like to get involved in the spread of nonviolent communication as part of a voluntary activity?<\/p>\n<p>The members who are active in the cross-organizational project group contribute their time, commitment and skills because they enjoy working towards a common goal. You not only experience meaningfulness, effectiveness, creativity, inspiration and growth, but above all appreciate the togetherness.<\/p>\n<p>There are many ways to get involved and we look forward to any form of support.<\/p>\n<p>Here you will find ongoing projects in which you can participate as a member of an organization that has signed the declaration:<\/p>\n<table width=\"100%\">\n<tbody>\n<tr>\n<td style=\"background-color: #576789; color: white; width: 200px;\"><strong>Collaboration:<\/strong><\/td>\n<td>Wir suchen f\u00fcr die Mitarbeit im Projektteam zur Unterst\u00fctzung f\u00fcr die Konzeptentwicklung, Pressearbeit und Koordinationsaufgaben<\/td>\n<\/tr>\n<tr>\n<td style=\"background-color: #576789; color: white; width: 200px;\"><strong>Number of group members:<br \/>\n<\/strong><\/td>\n<td>6 (aktuell)<\/td>\n<\/tr>\n<tr>\n<td style=\"background-color: #576789; color: white; width: 200px;\"><strong>When and how do we meet?<\/strong><\/td>\n<td>Video conferencing - monthly and as needed.<br \/>\nPlease ask the contact person for details.<\/td>\n<\/tr>\n<tr>\n<td style=\"background-color: #576789; color: white; width: 200px;\"><strong>contact<\/strong><\/td>\n<td>E-Mail to <u><a href=\"mailto:petra.porath@tag-der-gfk.org\">Petra Porath<\/a><\/u><\/td>\n<\/tr>\n<\/tbody>\n<\/table>\n<table width=\"100%\">\n<tbody>\n<tr>\n<td style=\"background-color: #576789; color: white; width: 200px;\"><strong>Collaboration:<\/strong><\/td>\n<td>We are looking for support to build and expand the website, as well as writing blog posts<\/td>\n<\/tr>\n<tr>\n<td style=\"background-color: #576789; color: white; width: 200px;\"><strong>Number of group members:<br \/>\n<\/strong><\/td>\n<td>2 (aktuell)<\/td>\n<\/tr>\n<tr>\n<td style=\"background-color: #576789; color: white; width: 200px;\"><strong>When and how do we meet?<\/strong><\/td>\n<td>Video conference - as required. If you are interested, please contact Marion Kaiser or Klaudia Sch\u00e4fer.<\/td>\n<\/tr>\n<tr>\n<td style=\"background-color: #576789; color: white; width: 200px;\"><strong>contact<\/strong><\/td>\n<td>E-Mail to <a href=\"mailto:franz.winter@tag-der-gfk.org\">Franz Winter<\/a> oder <a href=\"mailto: michael.bauer@tag-der-gfk.com\">Michael Bauer<\/a><u><\/u><\/td>\n<\/tr>\n<\/tbody>\n<\/table>\n<div id=\"selenium-highlight\"><\/div>\n<div id=\"selenium-highlight\"><\/div>\n<div id=\"selenium-highlight\"><\/div>","protected":false},"excerpt":{"rendered":"<p>Mach mit! Mitwirkung in der organisations\u00fcbergreifenden Projektgruppe \u201eTag der Gewaltfreien Kommunikation\u201c Du m\u00f6chtest dich gerne f\u00fcr die Verbreitung der Gewaltfreien Kommunikation im Rahmen einer ehrenamtlichen T\u00e4tigkeit engagieren? Die in der organisations\u00fcbergreifenden Projektgruppe aktiv t\u00e4tigen Mitglieder bringen ihre Zeit, Engagement und F\u00e4higkeiten ein, weil sie Freude daran haben, an einem gemeinsamen Ziel zu arbeiten. Sie erleben dabei nicht nur Sinnhaftigkeit, Wirksamkeit, Kreativit\u00e4t, Inspiration und Wachstum, sondern sch\u00e4tzen vor allem auch das Miteinander. Es gibt vielf\u00e4ltige M\u00f6glichkeiten sich hier einzubringen und wir&hellip;<\/p>","protected":false},"author":2,"featured_media":0,"parent":0,"menu_order":0,"comment_status":"closed","ping_status":"closed","template":"","meta":{"footnotes":""},"class_list":["post-3765","page","type-page","status-publish","hentry"],"yoast_head":"<!-- This site is optimized with the Yoast SEO plugin v27.4 - https:\/\/yoast.com\/product\/yoast-seo-wordpress\/ -->\n<title>Mach mit! - Tag der Gewaltfreien Kommunikation<\/title>\n<meta name=\"description\" content=\"Du m\u00f6chtest dich gerne f\u00fcr die Verbreitung der Gewaltfreien Kommunikation im Rahmen einer ehrenamtlichen T\u00e4tigkeit engagieren? Dann mach mit!\" \/>\n<meta name=\"robots\" content=\"index, follow, max-snippet:-1, max-image-preview:large, max-video-preview:-1\" \/>\n<link rel=\"canonical\" href=\"https:\/\/www.tag-der-gfk.org\/en\/mach-mit\/\" \/>\n<meta property=\"og:locale\" content=\"en_GB\" \/>\n<meta property=\"og:type\" content=\"article\" \/>\n<meta property=\"og:title\" content=\"Mach mit! - Tag der Gewaltfreien Kommunikation\" \/>\n<meta property=\"og:description\" content=\"Du m\u00f6chtest dich gerne f\u00fcr die Verbreitung der Gewaltfreien Kommunikation im Rahmen einer ehrenamtlichen T\u00e4tigkeit engagieren? Dann mach mit!\" \/>\n<meta property=\"og:url\" content=\"https:\/\/www.tag-der-gfk.org\/en\/mach-mit\/\" \/>\n<meta property=\"og:site_name\" content=\"Tag der Gewaltfreien Kommunikation\" \/>\n<meta property=\"article:modified_time\" content=\"2026-01-11T19:43:52+00:00\" \/>\n<meta name=\"twitter:card\" content=\"summary_large_image\" \/>\n<meta name=\"twitter:label1\" content=\"Estimated reading time\" \/>\n\t<meta name=\"twitter:data1\" content=\"2 minutes\" \/>\n<script type=\"application\/ld+json\" class=\"yoast-schema-graph\">{\"@context\":\"https:\\\/\\\/schema.org\",\"@graph\":[{\"@type\":\"WebPage\",\"@id\":\"https:\\\/\\\/www.tag-der-gfk.org\\\/mach-mit\",\"url\":\"https:\\\/\\\/www.tag-der-gfk.org\\\/mach-mit\",\"name\":\"Mach mit! - Tag der Gewaltfreien Kommunikation\",\"isPartOf\":{\"@id\":\"https:\\\/\\\/www.tag-der-gfk.org\\\/#website\"},\"datePublished\":\"2018-06-16T14:45:43+00:00\",\"dateModified\":\"2026-01-11T19:43:52+00:00\",\"description\":\"Du m\u00f6chtest dich gerne f\u00fcr die Verbreitung der Gewaltfreien Kommunikation im Rahmen einer ehrenamtlichen T\u00e4tigkeit engagieren? Dann mach mit!\",\"breadcrumb\":{\"@id\":\"https:\\\/\\\/www.tag-der-gfk.org\\\/mach-mit#breadcrumb\"},\"inLanguage\":\"en-GB\",\"potentialAction\":[{\"@type\":\"ReadAction\",\"target\":[\"https:\\\/\\\/www.tag-der-gfk.org\\\/mach-mit\"]}]},{\"@type\":\"BreadcrumbList\",\"@id\":\"https:\\\/\\\/www.tag-der-gfk.org\\\/mach-mit#breadcrumb\",\"itemListElement\":[{\"@type\":\"ListItem\",\"position\":1,\"name\":\"Startseite\",\"item\":\"https:\\\/\\\/www.tag-der-gfk.org\\\/\"},{\"@type\":\"ListItem\",\"position\":2,\"name\":\"Mach mit!\"}]},{\"@type\":\"WebSite\",\"@id\":\"https:\\\/\\\/www.tag-der-gfk.org\\\/#website\",\"url\":\"https:\\\/\\\/www.tag-der-gfk.org\\\/\",\"name\":\"Tag der Gewaltfreien Kommunikation\",\"description\":\"\",\"publisher\":{\"@id\":\"https:\\\/\\\/www.tag-der-gfk.org\\\/#organization\"},\"potentialAction\":[{\"@type\":\"SearchAction\",\"target\":{\"@type\":\"EntryPoint\",\"urlTemplate\":\"https:\\\/\\\/www.tag-der-gfk.org\\\/?s={search_term_string}\"},\"query-input\":{\"@type\":\"PropertyValueSpecification\",\"valueRequired\":true,\"valueName\":\"search_term_string\"}}],\"inLanguage\":\"en-GB\"},{\"@type\":\"Organization\",\"@id\":\"https:\\\/\\\/www.tag-der-gfk.org\\\/#organization\",\"name\":\"Projektgruppe Tag der Gewaltfreien Kommunikation\",\"url\":\"https:\\\/\\\/www.tag-der-gfk.org\\\/\",\"logo\":{\"@type\":\"ImageObject\",\"inLanguage\":\"en-GB\",\"@id\":\"https:\\\/\\\/www.tag-der-gfk.org\\\/#\\\/schema\\\/logo\\\/image\\\/\",\"url\":\"https:\\\/\\\/www.tag-der-gfk.org\\\/wp-content\\\/uploads\\\/2018\\\/08\\\/Logo-Tag-der-GFK-final-Durckqualit\u00e4t.jpg\",\"contentUrl\":\"https:\\\/\\\/www.tag-der-gfk.org\\\/wp-content\\\/uploads\\\/2018\\\/08\\\/Logo-Tag-der-GFK-final-Durckqualit\u00e4t.jpg\",\"width\":4870,\"height\":2285,\"caption\":\"Projektgruppe Tag der Gewaltfreien Kommunikation\"},\"image\":{\"@id\":\"https:\\\/\\\/www.tag-der-gfk.org\\\/#\\\/schema\\\/logo\\\/image\\\/\"}}]}<\/script>\n<!-- \/ Yoast SEO plugin. -->","yoast_head_json":{"title":"Mach mit! - Tag der Gewaltfreien Kommunikation","description":"Du m\u00f6chtest dich gerne f\u00fcr die Verbreitung der Gewaltfreien Kommunikation im Rahmen einer ehrenamtlichen T\u00e4tigkeit engagieren? Dann mach mit!","robots":{"index":"index","follow":"follow","max-snippet":"max-snippet:-1","max-image-preview":"max-image-preview:large","max-video-preview":"max-video-preview:-1"},"canonical":"https:\/\/www.tag-der-gfk.org\/en\/mach-mit\/","og_locale":"en_GB","og_type":"article","og_title":"Mach mit! - Tag der Gewaltfreien Kommunikation","og_description":"Du m\u00f6chtest dich gerne f\u00fcr die Verbreitung der Gewaltfreien Kommunikation im Rahmen einer ehrenamtlichen T\u00e4tigkeit engagieren? Dann mach mit!","og_url":"https:\/\/www.tag-der-gfk.org\/en\/mach-mit\/","og_site_name":"Tag der Gewaltfreien Kommunikation","article_modified_time":"2026-01-11T19:43:52+00:00","twitter_card":"summary_large_image","twitter_misc":{"Estimated reading time":"2 minutes"},"schema":{"@context":"https:\/\/schema.org","@graph":[{"@type":"WebPage","@id":"https:\/\/www.tag-der-gfk.org\/mach-mit","url":"https:\/\/www.tag-der-gfk.org\/mach-mit","name":"Mach mit! - Tag der Gewaltfreien Kommunikation","isPartOf":{"@id":"https:\/\/www.tag-der-gfk.org\/#website"},"datePublished":"2018-06-16T14:45:43+00:00","dateModified":"2026-01-11T19:43:52+00:00","description":"Du m\u00f6chtest dich gerne f\u00fcr die Verbreitung der Gewaltfreien Kommunikation im Rahmen einer ehrenamtlichen T\u00e4tigkeit engagieren? Dann mach mit!","breadcrumb":{"@id":"https:\/\/www.tag-der-gfk.org\/mach-mit#breadcrumb"},"inLanguage":"en-GB","potentialAction":[{"@type":"ReadAction","target":["https:\/\/www.tag-der-gfk.org\/mach-mit"]}]},{"@type":"BreadcrumbList","@id":"https:\/\/www.tag-der-gfk.org\/mach-mit#breadcrumb","itemListElement":[{"@type":"ListItem","position":1,"name":"Startseite","item":"https:\/\/www.tag-der-gfk.org\/"},{"@type":"ListItem","position":2,"name":"Mach mit!"}]},{"@type":"WebSite","@id":"https:\/\/www.tag-der-gfk.org\/#website","url":"https:\/\/www.tag-der-gfk.org\/","name":"Day of Nonviolent Communication","description":"","publisher":{"@id":"https:\/\/www.tag-der-gfk.org\/#organization"},"potentialAction":[{"@type":"SearchAction","target":{"@type":"EntryPoint","urlTemplate":"https:\/\/www.tag-der-gfk.org\/?s={search_term_string}"},"query-input":{"@type":"PropertyValueSpecification","valueRequired":true,"valueName":"search_term_string"}}],"inLanguage":"en-GB"},{"@type":"Organization","@id":"https:\/\/www.tag-der-gfk.org\/#organization","name":"Projektgruppe Tag der Gewaltfreien Kommunikation","url":"https:\/\/www.tag-der-gfk.org\/","logo":{"@type":"ImageObject","inLanguage":"en-GB","@id":"https:\/\/www.tag-der-gfk.org\/#\/schema\/logo\/image\/","url":"https:\/\/www.tag-der-gfk.org\/wp-content\/uploads\/2018\/08\/Logo-Tag-der-GFK-final-Durckqualit\u00e4t.jpg","contentUrl":"https:\/\/www.tag-der-gfk.org\/wp-content\/uploads\/2018\/08\/Logo-Tag-der-GFK-final-Durckqualit\u00e4t.jpg","width":4870,"height":2285,"caption":"Projektgruppe Tag der Gewaltfreien Kommunikation"},"image":{"@id":"https:\/\/www.tag-der-gfk.org\/#\/schema\/logo\/image\/"}}]}},"_links":{"self":[{"href":"https:\/\/www.tag-der-gfk.org\/en\/wp-json\/wp\/v2\/pages\/3765","targetHints":{"allow":["GET"]}}],"collection":[{"href":"https:\/\/www.tag-der-gfk.org\/en\/wp-json\/wp\/v2\/pages"}],"about":[{"href":"https:\/\/www.tag-der-gfk.org\/en\/wp-json\/wp\/v2\/types\/page"}],"author":[{"embeddable":true,"href":"https:\/\/www.tag-der-gfk.org\/en\/wp-json\/wp\/v2\/users\/2"}],"replies":[{"embeddable":true,"href":"https:\/\/www.tag-der-gfk.org\/en\/wp-json\/wp\/v2\/comments?post=3765"}],"version-history":[{"count":3,"href":"https:\/\/www.tag-der-gfk.org\/en\/wp-json\/wp\/v2\/pages\/3765\/revisions"}],"predecessor-version":[{"id":141874,"href":"https:\/\/www.tag-der-gfk.org\/en\/wp-json\/wp\/v2\/pages\/3765\/revisions\/141874"}],"wp:attachment":[{"href":"https:\/\/www.tag-der-gfk.org\/en\/wp-json\/wp\/v2\/media?parent=3765"}],"curies":[{"name":"wp","href":"https:\/\/api.w.org\/{rel}","templated":true}]}}