{"id":3843,"date":"2018-07-10T12:24:00","date_gmt":"2018-07-10T12:24:00","guid":{"rendered":"http:\/\/entwurf3.tag-der-gfk.org\/?page_id=3843"},"modified":"2020-05-30T08:15:24","modified_gmt":"2020-05-30T06:15:24","slug":"aktivitaeten-gestalten","status":"publish","type":"page","link":"https:\/\/www.tag-der-gfk.org\/en\/activities\/create-activity","title":{"rendered":"Create an activity"},"content":{"rendered":"<p>Du m\u00f6chtest selbst eine Aktivit\u00e4t zum Tag der Gewaltfreien Kommunikation gestalten? Dann hast Du die M\u00f6glichkeit hier Informationen herunterzuladen, die Dich dabei unterst\u00fctzen k\u00f6nnen. Gerne kannst Du auch unsere <strong>Aufkleber, Flyer und <a href=\"https:\/\/www.tag-der-gfk.org\/en\/city-cards\/\">postcards<\/a> bestellen<\/strong> und Dir das <strong>banner<\/strong> zum Tag der GFK <strong>ausleihen<\/strong>. Schreib uns hierzu bitte einfach eine <a href=\"https:\/\/www.tag-der-gfk.org\/en\/kontakt\/\">Nachricht<\/a>.<\/p>\n<h4>NVC Day Logo<\/h4>\n<div class='w3eden'><!-- WPDM Link Template: Default Template -->\n\n<div class=\"link-template-default card mb-2\">\n    <div class=\"card-body\">\n        <div class=\"media\">\n            <div class=\"mr-3 img-48\"><img decoding=\"async\" class=\"wpdm_icon\" alt=\"Icon\"   src=\"https:\/\/www.tag-der-gfk.org\/wp-content\/plugins\/download-manager\/assets\/file-type-icons\/bmp.png\" \/><\/div>\n            <div class=\"media-body\">\n                <h3 class=\"package-title\"><a href='https:\/\/www.tag-der-gfk.org\/en\/download\/logo'>Logo<\/a><\/h3>\n                <div class=\"text-muted text-small\"><i class=\"fas fa-copy\"><\/i> 1 file(s) <i class=\"fas fa-hdd ml-3\"><\/i> 568.08 KB<\/div>\n            <\/div>\n            <div class=\"ml-3\">\n                <a href='#unlock' class='wpdm-download-link wpdm-download-locked btn btn-primary' data-package='3864'>Download<\/a>\n            <\/div>\n        <\/div>\n    <\/div>\n<\/div>\n\n<\/div>\n<p>&nbsp;<\/p>\n<h4>Anregungen, Tipps &amp; Tricks zur eigenen Aktivit\u00e4t<\/h4>\n<div class='w3eden'><!-- WPDM Link Template: Default Template -->\n\n<div class=\"link-template-default card mb-2\">\n    <div class=\"card-body\">\n        <div class=\"media\">\n            <div class=\"mr-3 img-48\"><img decoding=\"async\" class=\"wpdm_icon\" alt=\"Icon\"   src=\"https:\/\/www.tag-der-gfk.org\/wp-content\/plugins\/download-manager\/assets\/file-type-icons\/pdf.png\" \/><\/div>\n            <div class=\"media-body\">\n                <h3 class=\"package-title\"><a href='https:\/\/www.tag-der-gfk.org\/en\/download\/aktionshandbuch'>Action Manual<\/a><\/h3>\n                <div class=\"text-muted text-small\"><i class=\"fas fa-copy\"><\/i> 1 file(s) <i class=\"fas fa-hdd ml-3\"><\/i> 281.52 KB<\/div>\n            <\/div>\n            <div class=\"ml-3\">\n                <a class='wpdm-download-link download-on-click btn btn-primary' rel='nofollow' href='#' data-downloadurl=\"https:\/\/www.tag-der-gfk.org\/en\/download\/aktionshandbuch?wpdmdl=5208&refresh=69e90caf225971776880815\">Download<\/a>\n            <\/div>\n        <\/div>\n    <\/div>\n<\/div>\n\n<\/div>\n<p>&nbsp;<\/p>\n<h4>NVC Day Flyer<\/h4>\n<p><div class='w3eden'><!-- WPDM Link Template: Default Template -->\n\n<div class=\"link-template-default card mb-2\">\n    <div class=\"card-body\">\n        <div class=\"media\">\n            <div class=\"mr-3 img-48\"><img decoding=\"async\" class=\"wpdm_icon\" alt=\"Icon\"   src=\"https:\/\/www.tag-der-gfk.org\/wp-content\/plugins\/download-manager\/assets\/file-type-icons\/pdf.png\" \/><\/div>\n            <div class=\"media-body\">\n                <h3 class=\"package-title\"><a href='https:\/\/www.tag-der-gfk.org\/en\/download\/handzettel-flyer-2019-aktion-dank-statt-zank'>Handzettel\/Flyer zur Aktion 2019: Dank statt Zank<\/a><\/h3>\n                <div class=\"text-muted text-small\"><i class=\"fas fa-copy\"><\/i> 1 file(s) <i class=\"fas fa-hdd ml-3\"><\/i> 155.02 KB<\/div>\n            <\/div>\n            <div class=\"ml-3\">\n                <a class='wpdm-download-link download-on-click btn btn-primary' rel='nofollow' href='#' data-downloadurl=\"https:\/\/www.tag-der-gfk.org\/en\/download\/handzettel-flyer-2019-aktion-dank-statt-zank?wpdmdl=4827&refresh=69e90caf23e171776880815\">Download<\/a>\n            <\/div>\n        <\/div>\n    <\/div>\n<\/div>\n\n<\/div><br \/>\n<div class='w3eden'><!-- WPDM Link Template: Default Template -->\n\n<div class=\"link-template-default card mb-2\">\n    <div class=\"card-body\">\n        <div class=\"media\">\n            <div class=\"mr-3 img-48\"><img decoding=\"async\" class=\"wpdm_icon\" alt=\"Icon\"   src=\"https:\/\/www.tag-der-gfk.org\/wp-content\/plugins\/download-manager\/assets\/file-type-icons\/pdf.png\" \/><\/div>\n            <div class=\"media-body\">\n                <h3 class=\"package-title\"><a href='https:\/\/www.tag-der-gfk.org\/en\/download\/flyer'>Flyer 2019\/2020<\/a><\/h3>\n                <div class=\"text-muted text-small\"><i class=\"fas fa-copy\"><\/i> 1 file(s) <i class=\"fas fa-hdd ml-3\"><\/i> 1.43 MB<\/div>\n            <\/div>\n            <div class=\"ml-3\">\n                <a class='wpdm-download-link download-on-click btn btn-primary' rel='nofollow' href='#' data-downloadurl=\"https:\/\/www.tag-der-gfk.org\/en\/download\/flyer?wpdmdl=3861&refresh=69e90caf269af1776880815\">Download<\/a>\n            <\/div>\n        <\/div>\n    <\/div>\n<\/div>\n\n<\/div><\/p>\n<p>&nbsp;<\/p>\n<h4>NVC Day Banner<\/h4>\n<div class='w3eden'><!-- WPDM Link Template: Default Template -->\n\n<div class=\"link-template-default card mb-2\">\n    <div class=\"card-body\">\n        <div class=\"media\">\n            <div class=\"mr-3 img-48\"><img decoding=\"async\" class=\"wpdm_icon\" alt=\"Icon\"   src=\"https:\/\/www.tag-der-gfk.org\/wp-content\/plugins\/download-manager\/assets\/file-type-icons\/png.svg\" \/><\/div>\n            <div class=\"media-body\">\n                <h3 class=\"package-title\"><a href='https:\/\/www.tag-der-gfk.org\/en\/download\/banner'>banner<\/a><\/h3>\n                <div class=\"text-muted text-small\"><i class=\"fas fa-copy\"><\/i> 1 file(s) <i class=\"fas fa-hdd ml-3\"><\/i> 126.25 KB<\/div>\n            <\/div>\n            <div class=\"ml-3\">\n                <a class='wpdm-download-link download-on-click btn btn-primary' rel='nofollow' href='#' data-downloadurl=\"https:\/\/www.tag-der-gfk.org\/en\/download\/banner?wpdmdl=4663&refresh=69e90caf2948f1776880815\">Download<\/a>\n            <\/div>\n        <\/div>\n    <\/div>\n<\/div>\n\n<\/div>\n<p>&nbsp;<\/p>\n<p>&nbsp;<\/p>\n<p>&nbsp;<\/p>","protected":false},"excerpt":{"rendered":"<p>Du m\u00f6chtest selbst eine Aktivit\u00e4t zum Tag der Gewaltfreien Kommunikation gestalten? Dann hast Du die M\u00f6glichkeit hier Informationen herunterzuladen, die Dich dabei unterst\u00fctzen k\u00f6nnen. Gerne kannst Du auch unsere Aufkleber, Flyer und Postkarten bestellen und Dir das Banner zum Tag der GFK ausleihen. Schreib uns hierzu bitte einfach eine Nachricht. Logo zum Tag der GFK &nbsp; Anregungen, Tipps &amp; Tricks zur eigenen Aktivit\u00e4t &nbsp; Flyer zum Tag der GFK &nbsp; Banner zum Tag der GFK &nbsp; &nbsp; &nbsp;<\/p>","protected":false},"author":2,"featured_media":5215,"parent":3673,"menu_order":0,"comment_status":"closed","ping_status":"closed","template":"","meta":{"footnotes":""},"class_list":["post-3843","page","type-page","status-publish","has-post-thumbnail","hentry","post-has-thumbnail"],"yoast_head":"<!-- This site is optimized with the Yoast SEO plugin v27.4 - https:\/\/yoast.com\/product\/yoast-seo-wordpress\/ -->\n<title>Aktivit\u00e4t gestalten - Tag der Gewaltfreien Kommunikation<\/title>\n<meta name=\"description\" content=\"Du m\u00f6chtest selbst eine Aktivit\u00e4t \/ Aktion zum Tag der Gewaltfreien Kommunikation gestalten? Dann findest Du hier Anregungen, Tipps &amp; Tricks und mehr ...\" \/>\n<meta name=\"robots\" content=\"index, follow, max-snippet:-1, max-image-preview:large, max-video-preview:-1\" \/>\n<link rel=\"canonical\" href=\"https:\/\/www.tag-der-gfk.org\/en\/aktivitaeten\/aktivitaeten-gestalten\/\" \/>\n<meta property=\"og:locale\" content=\"en_GB\" \/>\n<meta property=\"og:type\" content=\"article\" \/>\n<meta property=\"og:title\" content=\"Aktivit\u00e4t gestalten - Tag der Gewaltfreien Kommunikation\" \/>\n<meta property=\"og:description\" content=\"Du m\u00f6chtest selbst eine Aktivit\u00e4t \/ Aktion zum Tag der Gewaltfreien Kommunikation gestalten? Dann findest Du hier Anregungen, Tipps &amp; Tricks und mehr ...\" \/>\n<meta property=\"og:url\" content=\"https:\/\/www.tag-der-gfk.org\/en\/aktivitaeten\/aktivitaeten-gestalten\/\" \/>\n<meta property=\"og:site_name\" content=\"Tag der Gewaltfreien Kommunikation\" \/>\n<meta property=\"article:modified_time\" content=\"2020-05-30T06:15:24+00:00\" \/>\n<meta property=\"og:image\" content=\"https:\/\/www.tag-der-gfk.org\/wp-content\/uploads\/2020\/05\/Aktion.png\" \/>\n\t<meta property=\"og:image:width\" content=\"250\" \/>\n\t<meta property=\"og:image:height\" content=\"250\" \/>\n\t<meta property=\"og:image:type\" content=\"image\/png\" \/>\n<meta name=\"twitter:card\" content=\"summary_large_image\" \/>\n<meta name=\"twitter:label1\" content=\"Estimated reading time\" \/>\n\t<meta name=\"twitter:data1\" content=\"1 minute\" \/>\n<script type=\"application\/ld+json\" class=\"yoast-schema-graph\">{\"@context\":\"https:\\\/\\\/schema.org\",\"@graph\":[{\"@type\":\"WebPage\",\"@id\":\"https:\\\/\\\/www.tag-der-gfk.org\\\/aktivitaeten\\\/aktivitaeten-gestalten\",\"url\":\"https:\\\/\\\/www.tag-der-gfk.org\\\/aktivitaeten\\\/aktivitaeten-gestalten\",\"name\":\"Aktivit\u00e4t gestalten - Tag der Gewaltfreien Kommunikation\",\"isPartOf\":{\"@id\":\"https:\\\/\\\/www.tag-der-gfk.org\\\/#website\"},\"primaryImageOfPage\":{\"@id\":\"https:\\\/\\\/www.tag-der-gfk.org\\\/aktivitaeten\\\/aktivitaeten-gestalten#primaryimage\"},\"image\":{\"@id\":\"https:\\\/\\\/www.tag-der-gfk.org\\\/aktivitaeten\\\/aktivitaeten-gestalten#primaryimage\"},\"thumbnailUrl\":\"https:\\\/\\\/www.tag-der-gfk.org\\\/wp-content\\\/uploads\\\/2020\\\/05\\\/Aktion.png\",\"datePublished\":\"2018-07-10T12:24:00+00:00\",\"dateModified\":\"2020-05-30T06:15:24+00:00\",\"description\":\"Du m\u00f6chtest selbst eine Aktivit\u00e4t \\\/ Aktion zum Tag der Gewaltfreien Kommunikation gestalten? Dann findest Du hier Anregungen, Tipps & Tricks und mehr ...\",\"breadcrumb\":{\"@id\":\"https:\\\/\\\/www.tag-der-gfk.org\\\/aktivitaeten\\\/aktivitaeten-gestalten#breadcrumb\"},\"inLanguage\":\"en-GB\",\"potentialAction\":[{\"@type\":\"ReadAction\",\"target\":[\"https:\\\/\\\/www.tag-der-gfk.org\\\/aktivitaeten\\\/aktivitaeten-gestalten\"]}]},{\"@type\":\"ImageObject\",\"inLanguage\":\"en-GB\",\"@id\":\"https:\\\/\\\/www.tag-der-gfk.org\\\/aktivitaeten\\\/aktivitaeten-gestalten#primaryimage\",\"url\":\"https:\\\/\\\/www.tag-der-gfk.org\\\/wp-content\\\/uploads\\\/2020\\\/05\\\/Aktion.png\",\"contentUrl\":\"https:\\\/\\\/www.tag-der-gfk.org\\\/wp-content\\\/uploads\\\/2020\\\/05\\\/Aktion.png\",\"width\":250,\"height\":250,\"caption\":\"Aktion gestalten\"},{\"@type\":\"BreadcrumbList\",\"@id\":\"https:\\\/\\\/www.tag-der-gfk.org\\\/aktivitaeten\\\/aktivitaeten-gestalten#breadcrumb\",\"itemListElement\":[{\"@type\":\"ListItem\",\"position\":1,\"name\":\"Startseite\",\"item\":\"https:\\\/\\\/www.tag-der-gfk.org\\\/\"},{\"@type\":\"ListItem\",\"position\":2,\"name\":\"Aktivit\u00e4ten\",\"item\":\"https:\\\/\\\/www.tag-der-gfk.org\\\/aktivitaeten\"},{\"@type\":\"ListItem\",\"position\":3,\"name\":\"Aktivit\u00e4t gestalten\"}]},{\"@type\":\"WebSite\",\"@id\":\"https:\\\/\\\/www.tag-der-gfk.org\\\/#website\",\"url\":\"https:\\\/\\\/www.tag-der-gfk.org\\\/\",\"name\":\"Tag der Gewaltfreien Kommunikation\",\"description\":\"\",\"publisher\":{\"@id\":\"https:\\\/\\\/www.tag-der-gfk.org\\\/#organization\"},\"potentialAction\":[{\"@type\":\"SearchAction\",\"target\":{\"@type\":\"EntryPoint\",\"urlTemplate\":\"https:\\\/\\\/www.tag-der-gfk.org\\\/?s={search_term_string}\"},\"query-input\":{\"@type\":\"PropertyValueSpecification\",\"valueRequired\":true,\"valueName\":\"search_term_string\"}}],\"inLanguage\":\"en-GB\"},{\"@type\":\"Organization\",\"@id\":\"https:\\\/\\\/www.tag-der-gfk.org\\\/#organization\",\"name\":\"Projektgruppe Tag der Gewaltfreien Kommunikation\",\"url\":\"https:\\\/\\\/www.tag-der-gfk.org\\\/\",\"logo\":{\"@type\":\"ImageObject\",\"inLanguage\":\"en-GB\",\"@id\":\"https:\\\/\\\/www.tag-der-gfk.org\\\/#\\\/schema\\\/logo\\\/image\\\/\",\"url\":\"https:\\\/\\\/www.tag-der-gfk.org\\\/wp-content\\\/uploads\\\/2018\\\/08\\\/Logo-Tag-der-GFK-final-Durckqualit\u00e4t.jpg\",\"contentUrl\":\"https:\\\/\\\/www.tag-der-gfk.org\\\/wp-content\\\/uploads\\\/2018\\\/08\\\/Logo-Tag-der-GFK-final-Durckqualit\u00e4t.jpg\",\"width\":4870,\"height\":2285,\"caption\":\"Projektgruppe Tag der Gewaltfreien Kommunikation\"},\"image\":{\"@id\":\"https:\\\/\\\/www.tag-der-gfk.org\\\/#\\\/schema\\\/logo\\\/image\\\/\"}}]}<\/script>\n<!-- \/ Yoast SEO plugin. -->","yoast_head_json":{"title":"Create an activity - Day of Nonviolent Communication","description":"Du m\u00f6chtest selbst eine Aktivit\u00e4t \/ Aktion zum Tag der Gewaltfreien Kommunikation gestalten? Dann findest Du hier Anregungen, Tipps & Tricks und mehr ...","robots":{"index":"index","follow":"follow","max-snippet":"max-snippet:-1","max-image-preview":"max-image-preview:large","max-video-preview":"max-video-preview:-1"},"canonical":"https:\/\/www.tag-der-gfk.org\/en\/aktivitaeten\/aktivitaeten-gestalten\/","og_locale":"en_GB","og_type":"article","og_title":"Aktivit\u00e4t gestalten - Tag der Gewaltfreien Kommunikation","og_description":"Du m\u00f6chtest selbst eine Aktivit\u00e4t \/ Aktion zum Tag der Gewaltfreien Kommunikation gestalten? Dann findest Du hier Anregungen, Tipps & Tricks und mehr ...","og_url":"https:\/\/www.tag-der-gfk.org\/en\/aktivitaeten\/aktivitaeten-gestalten\/","og_site_name":"Tag der Gewaltfreien Kommunikation","article_modified_time":"2020-05-30T06:15:24+00:00","og_image":[{"width":250,"height":250,"url":"https:\/\/www.tag-der-gfk.org\/wp-content\/uploads\/2020\/05\/Aktion.png","type":"image\/png"}],"twitter_card":"summary_large_image","twitter_misc":{"Estimated reading time":"1 minute"},"schema":{"@context":"https:\/\/schema.org","@graph":[{"@type":"WebPage","@id":"https:\/\/www.tag-der-gfk.org\/aktivitaeten\/aktivitaeten-gestalten","url":"https:\/\/www.tag-der-gfk.org\/aktivitaeten\/aktivitaeten-gestalten","name":"Create an activity - Day of Nonviolent Communication","isPartOf":{"@id":"https:\/\/www.tag-der-gfk.org\/#website"},"primaryImageOfPage":{"@id":"https:\/\/www.tag-der-gfk.org\/aktivitaeten\/aktivitaeten-gestalten#primaryimage"},"image":{"@id":"https:\/\/www.tag-der-gfk.org\/aktivitaeten\/aktivitaeten-gestalten#primaryimage"},"thumbnailUrl":"https:\/\/www.tag-der-gfk.org\/wp-content\/uploads\/2020\/05\/Aktion.png","datePublished":"2018-07-10T12:24:00+00:00","dateModified":"2020-05-30T06:15:24+00:00","description":"Du m\u00f6chtest selbst eine Aktivit\u00e4t \/ Aktion zum Tag der Gewaltfreien Kommunikation gestalten? Dann findest Du hier Anregungen, Tipps & Tricks und mehr ...","breadcrumb":{"@id":"https:\/\/www.tag-der-gfk.org\/aktivitaeten\/aktivitaeten-gestalten#breadcrumb"},"inLanguage":"en-GB","potentialAction":[{"@type":"ReadAction","target":["https:\/\/www.tag-der-gfk.org\/aktivitaeten\/aktivitaeten-gestalten"]}]},{"@type":"ImageObject","inLanguage":"en-GB","@id":"https:\/\/www.tag-der-gfk.org\/aktivitaeten\/aktivitaeten-gestalten#primaryimage","url":"https:\/\/www.tag-der-gfk.org\/wp-content\/uploads\/2020\/05\/Aktion.png","contentUrl":"https:\/\/www.tag-der-gfk.org\/wp-content\/uploads\/2020\/05\/Aktion.png","width":250,"height":250,"caption":"Aktion gestalten"},{"@type":"BreadcrumbList","@id":"https:\/\/www.tag-der-gfk.org\/aktivitaeten\/aktivitaeten-gestalten#breadcrumb","itemListElement":[{"@type":"ListItem","position":1,"name":"Startseite","item":"https:\/\/www.tag-der-gfk.org\/"},{"@type":"ListItem","position":2,"name":"Aktivit\u00e4ten","item":"https:\/\/www.tag-der-gfk.org\/aktivitaeten"},{"@type":"ListItem","position":3,"name":"Aktivit\u00e4t gestalten"}]},{"@type":"WebSite","@id":"https:\/\/www.tag-der-gfk.org\/#website","url":"https:\/\/www.tag-der-gfk.org\/","name":"Day of Nonviolent Communication","description":"","publisher":{"@id":"https:\/\/www.tag-der-gfk.org\/#organization"},"potentialAction":[{"@type":"SearchAction","target":{"@type":"EntryPoint","urlTemplate":"https:\/\/www.tag-der-gfk.org\/?s={search_term_string}"},"query-input":{"@type":"PropertyValueSpecification","valueRequired":true,"valueName":"search_term_string"}}],"inLanguage":"en-GB"},{"@type":"Organization","@id":"https:\/\/www.tag-der-gfk.org\/#organization","name":"Projektgruppe Tag der Gewaltfreien Kommunikation","url":"https:\/\/www.tag-der-gfk.org\/","logo":{"@type":"ImageObject","inLanguage":"en-GB","@id":"https:\/\/www.tag-der-gfk.org\/#\/schema\/logo\/image\/","url":"https:\/\/www.tag-der-gfk.org\/wp-content\/uploads\/2018\/08\/Logo-Tag-der-GFK-final-Durckqualit\u00e4t.jpg","contentUrl":"https:\/\/www.tag-der-gfk.org\/wp-content\/uploads\/2018\/08\/Logo-Tag-der-GFK-final-Durckqualit\u00e4t.jpg","width":4870,"height":2285,"caption":"Projektgruppe Tag der Gewaltfreien Kommunikation"},"image":{"@id":"https:\/\/www.tag-der-gfk.org\/#\/schema\/logo\/image\/"}}]}},"_links":{"self":[{"href":"https:\/\/www.tag-der-gfk.org\/en\/wp-json\/wp\/v2\/pages\/3843","targetHints":{"allow":["GET"]}}],"collection":[{"href":"https:\/\/www.tag-der-gfk.org\/en\/wp-json\/wp\/v2\/pages"}],"about":[{"href":"https:\/\/www.tag-der-gfk.org\/en\/wp-json\/wp\/v2\/types\/page"}],"author":[{"embeddable":true,"href":"https:\/\/www.tag-der-gfk.org\/en\/wp-json\/wp\/v2\/users\/2"}],"replies":[{"embeddable":true,"href":"https:\/\/www.tag-der-gfk.org\/en\/wp-json\/wp\/v2\/comments?post=3843"}],"version-history":[{"count":0,"href":"https:\/\/www.tag-der-gfk.org\/en\/wp-json\/wp\/v2\/pages\/3843\/revisions"}],"up":[{"embeddable":true,"href":"https:\/\/www.tag-der-gfk.org\/en\/wp-json\/wp\/v2\/pages\/3673"}],"wp:featuredmedia":[{"embeddable":true,"href":"https:\/\/www.tag-der-gfk.org\/en\/wp-json\/wp\/v2\/media\/5215"}],"wp:attachment":[{"href":"https:\/\/www.tag-der-gfk.org\/en\/wp-json\/wp\/v2\/media?parent=3843"}],"curies":[{"name":"wp","href":"https:\/\/api.w.org\/{rel}","templated":true}]}}