{"id":4393,"date":"2019-01-05T08:30:17","date_gmt":"2019-01-05T08:30:17","guid":{"rendered":"https:\/\/www.tag-der-gfk.org\/?page_id=4393"},"modified":"2019-08-03T08:03:10","modified_gmt":"2019-08-03T08:03:10","slug":"city-cards","status":"publish","type":"page","link":"https:\/\/www.tag-der-gfk.org\/en\/city-cards","title":{"rendered":"PostCards for the Day of Nonviolent Communication"},"content":{"rendered":"<p>Blau, gr\u00fcn und orange leuchten die frisch gedruckten PostCards! Sie laden mit kurzen Statements zum Innehalten und\u00a0 Nachdenken ein, wecken Neugier und m\u00f6chten verbreitet werden mit \u201esag es weiter an\u2026\u201c. Die R\u00fcckseite ist als Postkarte gestaltet, kann verteilt oder verschickt werden. Zudem schm\u00fcckt das <a href=\"https:\/\/www.tag-der-gfk.org\/en\/presse\/\">Logo<\/a> zum Tag der Gewaltfreien Kommunikation die Karte.<\/p>\n<h3>PostCards for the Day of Nonviolent Communication<\/h3>\n<p style=\"text-align: center;\"><code class=\"rl-shortcode\"><div class=\"rl-gallery-container rl-loading\" id=\"rl-gallery-container-1\" data-gallery_id=\"4400\"> <div class=\"rl-gallery rl-basicgrid-gallery\" id=\"rl-gallery-1\" data-gallery_no=\"1\"> <div class=\"rl-gallery-item\"><a href=\"https:\/\/www.tag-der-gfk.org\/wp-content\/uploads\/2018\/09\/Postkarten-107x150_final_blau-001.jpg\" title=\"\" data-rl_title=\"\" class=\"rl-gallery-link\" data-rl_caption=\"\" data-rel=\"lightbox-gallery-1\"><img loading=\"lazy\" decoding=\"async\" src=\"https:\/\/www.tag-der-gfk.org\/wp-content\/uploads\/2018\/09\/Postkarten-107x150_final_blau-001-150x150.jpg\" width=\"150\" height=\"150\" alt=\"\" \/><\/a><\/div><div class=\"rl-gallery-item\"><a href=\"https:\/\/www.tag-der-gfk.org\/wp-content\/uploads\/2018\/09\/Postkarten-107x150_final_blau-002.jpg\" title=\"\" data-rl_title=\"\" class=\"rl-gallery-link\" data-rl_caption=\"\" data-rel=\"lightbox-gallery-1\"><img loading=\"lazy\" decoding=\"async\" src=\"https:\/\/www.tag-der-gfk.org\/wp-content\/uploads\/2018\/09\/Postkarten-107x150_final_blau-002-150x150.jpg\" width=\"150\" height=\"150\" alt=\"\" \/><\/a><\/div><div class=\"rl-gallery-item\"><a href=\"https:\/\/www.tag-der-gfk.org\/wp-content\/uploads\/2018\/09\/Postkarten-107x150_final_gruen-001.jpg\" title=\"\" data-rl_title=\"\" class=\"rl-gallery-link\" data-rl_caption=\"\" data-rel=\"lightbox-gallery-1\"><img loading=\"lazy\" decoding=\"async\" src=\"https:\/\/www.tag-der-gfk.org\/wp-content\/uploads\/2018\/09\/Postkarten-107x150_final_gruen-001-150x150.jpg\" width=\"150\" height=\"150\" alt=\"\" \/><\/a><\/div><div class=\"rl-gallery-item\"><a href=\"https:\/\/www.tag-der-gfk.org\/wp-content\/uploads\/2018\/09\/Postkarten-107x150_final_gruen-002.jpg\" title=\"\" data-rl_title=\"\" class=\"rl-gallery-link\" data-rl_caption=\"\" data-rel=\"lightbox-gallery-1\"><img loading=\"lazy\" decoding=\"async\" src=\"https:\/\/www.tag-der-gfk.org\/wp-content\/uploads\/2018\/09\/Postkarten-107x150_final_gruen-002-150x150.jpg\" width=\"150\" height=\"150\" alt=\"\" \/><\/a><\/div><div class=\"rl-gallery-item\"><a href=\"https:\/\/www.tag-der-gfk.org\/wp-content\/uploads\/2018\/09\/Postkarten-107x150_final_orange-001.jpg\" title=\"\" data-rl_title=\"\" class=\"rl-gallery-link\" data-rl_caption=\"\" data-rel=\"lightbox-gallery-1\"><img loading=\"lazy\" decoding=\"async\" src=\"https:\/\/www.tag-der-gfk.org\/wp-content\/uploads\/2018\/09\/Postkarten-107x150_final_orange-001-150x150.jpg\" width=\"150\" height=\"150\" alt=\"PostCards\" \/><\/a><\/div><div class=\"rl-gallery-item\"><a href=\"https:\/\/www.tag-der-gfk.org\/wp-content\/uploads\/2018\/09\/Postkarten-107x150_final_orange-002.jpg\" title=\"\" data-rl_title=\"\" class=\"rl-gallery-link\" data-rl_caption=\"\" data-rel=\"lightbox-gallery-1\"><img loading=\"lazy\" decoding=\"async\" src=\"https:\/\/www.tag-der-gfk.org\/wp-content\/uploads\/2018\/09\/Postkarten-107x150_final_orange-002-150x150.jpg\" width=\"150\" height=\"150\" alt=\"\" \/><\/a><\/div> <\/div> <\/div><\/code><\/p>\n<p>Du m\u00f6chtest als AnsprechpartnerIn \u00a0eines Netzwerkes oder einer Organisation Karten verteilen und so zur Verbreitung der Gewaltfreien Kommunikation beitragen?? Bestellw\u00fcnsche nimmt die organisations\u00fcbergreifende Projektgruppe\u00a0entgegen \u00fcber die E-Mail: <a href=\"mailto:info@tag-der-gfk.org?Subject: PostCards\">info@tag-der-gfk.org<\/a>.<\/p>\n<p><strong>Die Projektgruppe dankt herzlich allen Sponsoren, durch die die PostCards <span style=\"text-decoration: underline;\">kostenfrei<\/span> angefragt werden k\u00f6nnen. <\/strong><\/p>\n<p><strong>\u00dcbrigens:<\/strong> <strong>Wu\u00dftest Du, dass auch Du die Projektgruppe und ihre Aktivit\u00e4ten <a href=\"https:\/\/www.tag-der-gfk.org\/en\/unterstuetzen\/\">unterst\u00fctzen<\/a> kannst?<\/strong><\/p>\n<p><em><strong>\u00a0<\/strong><\/em><\/p>","protected":false},"excerpt":{"rendered":"<p>Blau, gr\u00fcn und orange leuchten die frisch gedruckten PostCards! Sie laden mit kurzen Statements zum Innehalten und\u00a0 Nachdenken ein, wecken Neugier und m\u00f6chten verbreitet werden mit \u201esag es weiter an\u2026\u201c. Die R\u00fcckseite ist als Postkarte gestaltet, kann verteilt oder verschickt werden. Zudem schm\u00fcckt das Logo zum Tag der Gewaltfreien Kommunikation die Karte. PostCards zum Tag der GFK Du m\u00f6chtest als AnsprechpartnerIn \u00a0eines Netzwerkes oder einer Organisation Karten verteilen und so zur Verbreitung der Gewaltfreien Kommunikation beitragen?? Bestellw\u00fcnsche nimmt die organisations\u00fcbergreifende&hellip;<\/p>","protected":false},"author":2,"featured_media":4050,"parent":0,"menu_order":0,"comment_status":"closed","ping_status":"closed","template":"","meta":{"footnotes":""},"class_list":["post-4393","page","type-page","status-publish","has-post-thumbnail","hentry","post-has-thumbnail"],"yoast_head":"<!-- This site is optimized with the Yoast SEO plugin v27.4 - https:\/\/yoast.com\/product\/yoast-seo-wordpress\/ -->\n<title>PostCards zum Tag der GFK - Tag der Gewaltfreien Kommunikation<\/title>\n<meta name=\"description\" content=\"Unsere PostCards zum Tag der Gewaltfreien Kommunikation laden mit kurzen Statements zum Innehalten, Nachdenken ein, wecken Neugier und m\u00f6chten verbreitet..\" \/>\n<meta name=\"robots\" content=\"index, follow, max-snippet:-1, max-image-preview:large, max-video-preview:-1\" \/>\n<link rel=\"canonical\" href=\"https:\/\/www.tag-der-gfk.org\/en\/city-cards\/\" \/>\n<meta property=\"og:locale\" content=\"en_GB\" \/>\n<meta property=\"og:type\" content=\"article\" \/>\n<meta property=\"og:title\" content=\"PostCards zum Tag der GFK - Tag der Gewaltfreien Kommunikation\" \/>\n<meta property=\"og:description\" content=\"Unsere PostCards zum Tag der Gewaltfreien Kommunikation laden mit kurzen Statements zum Innehalten, Nachdenken ein, wecken Neugier und m\u00f6chten verbreitet..\" \/>\n<meta property=\"og:url\" content=\"https:\/\/www.tag-der-gfk.org\/en\/city-cards\/\" \/>\n<meta property=\"og:site_name\" content=\"Tag der Gewaltfreien Kommunikation\" \/>\n<meta property=\"article:modified_time\" content=\"2019-08-03T08:03:10+00:00\" \/>\n<meta property=\"og:image\" content=\"https:\/\/www.tag-der-gfk.org\/wp-content\/uploads\/2018\/09\/Postkarten-107x150_final_orange-002.jpg\" \/>\n\t<meta property=\"og:image:width\" content=\"886\" \/>\n\t<meta property=\"og:image:height\" content=\"632\" \/>\n\t<meta property=\"og:image:type\" content=\"image\/jpeg\" \/>\n<meta name=\"twitter:card\" content=\"summary_large_image\" \/>\n<meta name=\"twitter:label1\" content=\"Estimated reading time\" \/>\n\t<meta name=\"twitter:data1\" content=\"1 minute\" \/>\n<script type=\"application\/ld+json\" class=\"yoast-schema-graph\">{\"@context\":\"https:\\\/\\\/schema.org\",\"@graph\":[{\"@type\":\"WebPage\",\"@id\":\"https:\\\/\\\/www.tag-der-gfk.org\\\/city-cards\",\"url\":\"https:\\\/\\\/www.tag-der-gfk.org\\\/city-cards\",\"name\":\"PostCards zum Tag der GFK - Tag der Gewaltfreien Kommunikation\",\"isPartOf\":{\"@id\":\"https:\\\/\\\/www.tag-der-gfk.org\\\/#website\"},\"primaryImageOfPage\":{\"@id\":\"https:\\\/\\\/www.tag-der-gfk.org\\\/city-cards#primaryimage\"},\"image\":{\"@id\":\"https:\\\/\\\/www.tag-der-gfk.org\\\/city-cards#primaryimage\"},\"thumbnailUrl\":\"https:\\\/\\\/www.tag-der-gfk.org\\\/wp-content\\\/uploads\\\/2018\\\/09\\\/Postkarten-107x150_final_orange-002.jpg\",\"datePublished\":\"2019-01-05T08:30:17+00:00\",\"dateModified\":\"2019-08-03T08:03:10+00:00\",\"description\":\"Unsere PostCards zum Tag der Gewaltfreien Kommunikation laden mit kurzen Statements zum Innehalten, Nachdenken ein, wecken Neugier und m\u00f6chten verbreitet..\",\"breadcrumb\":{\"@id\":\"https:\\\/\\\/www.tag-der-gfk.org\\\/city-cards#breadcrumb\"},\"inLanguage\":\"en-GB\",\"potentialAction\":[{\"@type\":\"ReadAction\",\"target\":[\"https:\\\/\\\/www.tag-der-gfk.org\\\/city-cards\"]}]},{\"@type\":\"ImageObject\",\"inLanguage\":\"en-GB\",\"@id\":\"https:\\\/\\\/www.tag-der-gfk.org\\\/city-cards#primaryimage\",\"url\":\"https:\\\/\\\/www.tag-der-gfk.org\\\/wp-content\\\/uploads\\\/2018\\\/09\\\/Postkarten-107x150_final_orange-002.jpg\",\"contentUrl\":\"https:\\\/\\\/www.tag-der-gfk.org\\\/wp-content\\\/uploads\\\/2018\\\/09\\\/Postkarten-107x150_final_orange-002.jpg\",\"width\":886,\"height\":632},{\"@type\":\"BreadcrumbList\",\"@id\":\"https:\\\/\\\/www.tag-der-gfk.org\\\/city-cards#breadcrumb\",\"itemListElement\":[{\"@type\":\"ListItem\",\"position\":1,\"name\":\"Startseite\",\"item\":\"https:\\\/\\\/www.tag-der-gfk.org\\\/\"},{\"@type\":\"ListItem\",\"position\":2,\"name\":\"PostCards zum Tag der GFK\"}]},{\"@type\":\"WebSite\",\"@id\":\"https:\\\/\\\/www.tag-der-gfk.org\\\/#website\",\"url\":\"https:\\\/\\\/www.tag-der-gfk.org\\\/\",\"name\":\"Tag der Gewaltfreien Kommunikation\",\"description\":\"\",\"publisher\":{\"@id\":\"https:\\\/\\\/www.tag-der-gfk.org\\\/#organization\"},\"potentialAction\":[{\"@type\":\"SearchAction\",\"target\":{\"@type\":\"EntryPoint\",\"urlTemplate\":\"https:\\\/\\\/www.tag-der-gfk.org\\\/?s={search_term_string}\"},\"query-input\":{\"@type\":\"PropertyValueSpecification\",\"valueRequired\":true,\"valueName\":\"search_term_string\"}}],\"inLanguage\":\"en-GB\"},{\"@type\":\"Organization\",\"@id\":\"https:\\\/\\\/www.tag-der-gfk.org\\\/#organization\",\"name\":\"Projektgruppe Tag der Gewaltfreien Kommunikation\",\"url\":\"https:\\\/\\\/www.tag-der-gfk.org\\\/\",\"logo\":{\"@type\":\"ImageObject\",\"inLanguage\":\"en-GB\",\"@id\":\"https:\\\/\\\/www.tag-der-gfk.org\\\/#\\\/schema\\\/logo\\\/image\\\/\",\"url\":\"https:\\\/\\\/www.tag-der-gfk.org\\\/wp-content\\\/uploads\\\/2018\\\/08\\\/Logo-Tag-der-GFK-final-Durckqualit\u00e4t.jpg\",\"contentUrl\":\"https:\\\/\\\/www.tag-der-gfk.org\\\/wp-content\\\/uploads\\\/2018\\\/08\\\/Logo-Tag-der-GFK-final-Durckqualit\u00e4t.jpg\",\"width\":4870,\"height\":2285,\"caption\":\"Projektgruppe Tag der Gewaltfreien Kommunikation\"},\"image\":{\"@id\":\"https:\\\/\\\/www.tag-der-gfk.org\\\/#\\\/schema\\\/logo\\\/image\\\/\"}}]}<\/script>\n<!-- \/ Yoast SEO plugin. -->","yoast_head_json":{"title":"PostCards for the day of Nonviolent Communication","description":"Our PostCards for the Day of Nonviolent Communication invite you to pause, think, arouse curiosity and want to spread with brief statements.","robots":{"index":"index","follow":"follow","max-snippet":"max-snippet:-1","max-image-preview":"max-image-preview:large","max-video-preview":"max-video-preview:-1"},"canonical":"https:\/\/www.tag-der-gfk.org\/en\/city-cards\/","og_locale":"en_GB","og_type":"article","og_title":"PostCards zum Tag der GFK - Tag der Gewaltfreien Kommunikation","og_description":"Unsere PostCards zum Tag der Gewaltfreien Kommunikation laden mit kurzen Statements zum Innehalten, Nachdenken ein, wecken Neugier und m\u00f6chten verbreitet..","og_url":"https:\/\/www.tag-der-gfk.org\/en\/city-cards\/","og_site_name":"Tag der Gewaltfreien Kommunikation","article_modified_time":"2019-08-03T08:03:10+00:00","og_image":[{"width":886,"height":632,"url":"https:\/\/www.tag-der-gfk.org\/wp-content\/uploads\/2018\/09\/Postkarten-107x150_final_orange-002.jpg","type":"image\/jpeg"}],"twitter_card":"summary_large_image","twitter_misc":{"Estimated reading time":"1 minute"},"schema":{"@context":"https:\/\/schema.org","@graph":[{"@type":"WebPage","@id":"https:\/\/www.tag-der-gfk.org\/city-cards","url":"https:\/\/www.tag-der-gfk.org\/city-cards","name":"PostCards for the day of Nonviolent Communication","isPartOf":{"@id":"https:\/\/www.tag-der-gfk.org\/#website"},"primaryImageOfPage":{"@id":"https:\/\/www.tag-der-gfk.org\/city-cards#primaryimage"},"image":{"@id":"https:\/\/www.tag-der-gfk.org\/city-cards#primaryimage"},"thumbnailUrl":"https:\/\/www.tag-der-gfk.org\/wp-content\/uploads\/2018\/09\/Postkarten-107x150_final_orange-002.jpg","datePublished":"2019-01-05T08:30:17+00:00","dateModified":"2019-08-03T08:03:10+00:00","description":"Our PostCards for the Day of Nonviolent Communication invite you to pause, think, arouse curiosity and want to spread with brief statements.","breadcrumb":{"@id":"https:\/\/www.tag-der-gfk.org\/city-cards#breadcrumb"},"inLanguage":"en-GB","potentialAction":[{"@type":"ReadAction","target":["https:\/\/www.tag-der-gfk.org\/city-cards"]}]},{"@type":"ImageObject","inLanguage":"en-GB","@id":"https:\/\/www.tag-der-gfk.org\/city-cards#primaryimage","url":"https:\/\/www.tag-der-gfk.org\/wp-content\/uploads\/2018\/09\/Postkarten-107x150_final_orange-002.jpg","contentUrl":"https:\/\/www.tag-der-gfk.org\/wp-content\/uploads\/2018\/09\/Postkarten-107x150_final_orange-002.jpg","width":886,"height":632},{"@type":"BreadcrumbList","@id":"https:\/\/www.tag-der-gfk.org\/city-cards#breadcrumb","itemListElement":[{"@type":"ListItem","position":1,"name":"Startseite","item":"https:\/\/www.tag-der-gfk.org\/"},{"@type":"ListItem","position":2,"name":"PostCards zum Tag der GFK"}]},{"@type":"WebSite","@id":"https:\/\/www.tag-der-gfk.org\/#website","url":"https:\/\/www.tag-der-gfk.org\/","name":"Day of Nonviolent Communication","description":"","publisher":{"@id":"https:\/\/www.tag-der-gfk.org\/#organization"},"potentialAction":[{"@type":"SearchAction","target":{"@type":"EntryPoint","urlTemplate":"https:\/\/www.tag-der-gfk.org\/?s={search_term_string}"},"query-input":{"@type":"PropertyValueSpecification","valueRequired":true,"valueName":"search_term_string"}}],"inLanguage":"en-GB"},{"@type":"Organization","@id":"https:\/\/www.tag-der-gfk.org\/#organization","name":"Projektgruppe Tag der Gewaltfreien Kommunikation","url":"https:\/\/www.tag-der-gfk.org\/","logo":{"@type":"ImageObject","inLanguage":"en-GB","@id":"https:\/\/www.tag-der-gfk.org\/#\/schema\/logo\/image\/","url":"https:\/\/www.tag-der-gfk.org\/wp-content\/uploads\/2018\/08\/Logo-Tag-der-GFK-final-Durckqualit\u00e4t.jpg","contentUrl":"https:\/\/www.tag-der-gfk.org\/wp-content\/uploads\/2018\/08\/Logo-Tag-der-GFK-final-Durckqualit\u00e4t.jpg","width":4870,"height":2285,"caption":"Projektgruppe Tag der Gewaltfreien Kommunikation"},"image":{"@id":"https:\/\/www.tag-der-gfk.org\/#\/schema\/logo\/image\/"}}]}},"_links":{"self":[{"href":"https:\/\/www.tag-der-gfk.org\/en\/wp-json\/wp\/v2\/pages\/4393","targetHints":{"allow":["GET"]}}],"collection":[{"href":"https:\/\/www.tag-der-gfk.org\/en\/wp-json\/wp\/v2\/pages"}],"about":[{"href":"https:\/\/www.tag-der-gfk.org\/en\/wp-json\/wp\/v2\/types\/page"}],"author":[{"embeddable":true,"href":"https:\/\/www.tag-der-gfk.org\/en\/wp-json\/wp\/v2\/users\/2"}],"replies":[{"embeddable":true,"href":"https:\/\/www.tag-der-gfk.org\/en\/wp-json\/wp\/v2\/comments?post=4393"}],"version-history":[{"count":0,"href":"https:\/\/www.tag-der-gfk.org\/en\/wp-json\/wp\/v2\/pages\/4393\/revisions"}],"wp:featuredmedia":[{"embeddable":true,"href":"https:\/\/www.tag-der-gfk.org\/en\/wp-json\/wp\/v2\/media\/4050"}],"wp:attachment":[{"href":"https:\/\/www.tag-der-gfk.org\/en\/wp-json\/wp\/v2\/media?parent=4393"}],"curies":[{"name":"wp","href":"https:\/\/api.w.org\/{rel}","templated":true}]}}