{"id":8,"date":"2018-04-21T20:32:38","date_gmt":"2018-04-21T20:32:38","guid":{"rendered":"http:\/\/entwurf.tag-der-gfk.org\/?page_id=8"},"modified":"2026-02-06T14:57:36","modified_gmt":"2026-02-06T13:57:36","slug":"startseite","status":"publish","type":"page","link":"https:\/\/www.tag-der-gfk.org\/en\/","title":{"rendered":"Home"},"content":{"rendered":"<h1 style=\"text-align: center;\"><strong><br \/>\n<img loading=\"lazy\" decoding=\"async\" class=\"aligncenter wp-image-3777\" src=\"https:\/\/www.tag-der-gfk.org\/wp-content\/uploads\/2019\/10\/logo_day_of_nvc_255x120-66KB.jpg\" alt=\"Logo of Day of Nonviolent Communication\" width=\"400\" height=\"188\" sizes=\"auto, (max-width: 400px) 100vw, 400px\" \/><\/strong>With this annually recurring<br \/>\nday of remembrance and action<\/h1>\n<h1 style=\"text-align: center;\"><a href=\"https:\/\/www.dropbox.com\/scl\/fi\/zwdme7qrnfey3d8d3ipbi\/deutsche-version-beide-am-st-ck.mov?rlkey=k3njwy78k3cyelwxe78ea4k5l&amp;e=1&amp;st=ty93khlk&amp;dl=0\"><img loading=\"lazy\" decoding=\"async\" class=\"alignnone wp-image-142952\" src=\"https:\/\/www.tag-der-gfk.org\/wp-content\/uploads\/2026\/02\/Bildschirmfoto-vom-2026-02-06-14-50-54-300x168.png\" alt=\"\" width=\"549\" height=\"307\" srcset=\"https:\/\/www.tag-der-gfk.org\/wp-content\/uploads\/2026\/02\/Bildschirmfoto-vom-2026-02-06-14-50-54-300x168.png 300w, https:\/\/www.tag-der-gfk.org\/wp-content\/uploads\/2026\/02\/Bildschirmfoto-vom-2026-02-06-14-50-54-1024x574.png 1024w, https:\/\/www.tag-der-gfk.org\/wp-content\/uploads\/2026\/02\/Bildschirmfoto-vom-2026-02-06-14-50-54-768x430.png 768w, https:\/\/www.tag-der-gfk.org\/wp-content\/uploads\/2026\/02\/Bildschirmfoto-vom-2026-02-06-14-50-54-18x10.png 18w, https:\/\/www.tag-der-gfk.org\/wp-content\/uploads\/2026\/02\/Bildschirmfoto-vom-2026-02-06-14-50-54-1320x739.png 1320w, https:\/\/www.tag-der-gfk.org\/wp-content\/uploads\/2026\/02\/Bildschirmfoto-vom-2026-02-06-14-50-54.png 1480w\" sizes=\"auto, (max-width: 549px) 100vw, 549px\" \/><\/a><\/h1>\n<h3 style=\"text-align: center;\"><a href=\"https:\/\/www.dropbox.com\/scl\/fi\/12niquovf68oatjpucgj1\/englische-version-beide-am-st-ck.mov?rlkey=m5axz1vj4myoowa6uk79bkwj4&amp;e=1&amp;st=f3buwchk&amp;dl=0\">english Version<\/a><\/h3>\n<h3 style=\"text-align: center;\"><i>Motto 2026: <\/i><\/h3>\n<h2 style=\"text-align: center;\">&#8222;Gewaltfreie Kommunikation &#8211;<br \/>\nf\u00fcr einen Zusammenhalt in Vielfalt&#8220;<\/h2>\n<p><em>&#8222;NVC \u2013 for solidarity in diversity&#8220;<\/em><\/p>\n<p style=\"text-align: center;\">we contribute<\/p>\n<h1 style=\"text-align: center;\">to spread the non-violent communication.<\/h1>\n<p style=\"text-align: center;\">Do you join us?<\/p>\n<p>We celebrate the Non-Violent-Communication Day at many places around the 6th of October.<br \/>\nThis day is set at Dr. Marshall B. Rosenbergs birthday to honour his life\u2019s work.<br \/>\nWould you like to<br \/>\n1. contribute to understanding and communication?<br \/>\n2. bring hardened situations to flow?<br \/>\n3. support in your team a constructive co-operation?<br \/>\n4. promote an open dialogue?<br \/>\n5. deal with creative and solution-oriented perspectives?<br \/>\n6. create an environment in which both individuality as well as communion are possible?<br \/>\nAre you longing for a world of empathy and sincerity; a peaceful world?<\/p>\n<p>With the Non -Violent-Communication Day we show that nonviolent communication is an effective key towards this direction. We all show that we are here as human beings with potentials in different contexts. \nThe cross-organizational project group invites all interested people to take part as campaigner or participant.<br \/>\nInitially the the Non-Violent Communication Day started at October 06th, 2016. Yearly it takes place with diverse activities. The Non-Violent-Communication Day is included to the list of memorial and action days in Wikipedia <a href=\"https:\/\/de.wikipedia.org\/wiki\/Liste_von_Gedenk-_und_Aktionstagen#Oktober\" target=\"_blank\" rel=\"noopener\">to the list of memorial and action days<\/a> in Wikipedia aufgenommen worden und bei der Bundeszentrale f\u00fcr gesundheitliche Aufkl\u00e4rung als <a href=\"https:\/\/infodienst.bzga.de\/gesundheitsfoerderung\/nationale-internationale-gesundheitstage\/\">Gesundheitstag<\/a>.<\/p>\n<h3>We create the day - we show ourselves -\nwe show the Non-Violent Communication -\nTogether at many places -  with diversity, visions and ideas - with improvisations - performances - Public engagements - Initiatives as workshops, speeches, informative meetings and a lot more \u2013 join us!<\/h3>\n<p>Rosenberg verstand die Gewaltfreie Kommunikation als eine Haltung zur Verbesserung des zwischenmenschlichen Miteinanders. Nur im aufrichtigen und empathischen Kontakt gelingt Kommunikation und dauerhaft friedvolle Beziehung. Er war \u00fcberzeugt, dass die Art und Weise unseres Sprechens eine entscheidende Rolle bei unserer F\u00e4higkeit spielt, einf\u00fchlsam zu bleiben.<\/p>\n<p>His work was influenced by the insights of his teacher Carl Rogers (humanistic psychology) from client-centered psychotherapy and Gandhi's reflections on non-violence. He himself said that his concept does not involve anything new, \"everything that has been integrated into NVC has already been known for centuries. So it's about reminding us of something we already know - how our interpersonal communication was originally intended.\"<\/p>\n<p>For more than three decades, he offered his seminars all over the world, and his concept is now applied in families, schools, psychotherapy and counseling, organizations and companies, and in diplomatic and business negotiations. Rosenberg is also used in crisis and war zones to promote non-violent communication, even between hostile ethnic groups (e.g. in Israel and Palestine). In 1994, for example, Serbian educators and psychologists, supported by UNICEF, developed a three-volume work on learning nonviolent communication according to Rosenberg's method for kindergartens and schools.<\/p>\n<p>Rosenberg's goals were:<\/p>\n<ul>\n<li>Dissolving our old patterns of defense, retreat and offense;<\/li>\n<li>Reducing resistance, defensiveness, and violent reactions;<\/li>\n<li>Promote appreciation, attention, empathy, and a desire to give from the heart;<\/li>\n<li>Directing attention in a direction that increases the likelihood of getting what we are looking for;<\/li>\n<li>Discovering the potential of our empathy by clarifying observation, feeling and need - rather than diagnosis and judgment.<sup id=\"cite_ref-4\" class=\"reference\"><\/sup><\/li>\n<\/ul>\n<p style=\"font-weight: 400;\"><strong>Info-Online<\/strong><\/p>\n<p style=\"font-weight: 400;\"><em>F\u00fcr Anregung\/Austausch laden wir alle Interessierten zu einem Online-Treffen ein am 09.03.26 und 29. 06.26 jeweils von 17:30 Uhr bis 18:30 Uhr.<\/em><\/p>\n<ul style=\"font-weight: 400;\">\n<li><em>Was h\u00e4ttest Du gerne von der Projektgruppe, um die \u201eGFK f\u00fcr einen Zusammenhalt in Vielfalt\u201c zu verbreiten?<\/em><\/li>\n<li><em>Was h\u00e4ttest Du gerne, um den 92. Geburtstag von Marshall B. Rosenberg zu feiern?<\/em><\/li>\n<li><em>Dies und Vieles mehr k\u00f6nnen wir am 09. M\u00e4rz und 29. Juni\u00a0gemeinsam besprechen und weiterbewegen.<\/em><\/li>\n<\/ul>\n<p style=\"font-weight: 400;\"><em>Aus organisatorischen Gr\u00fcnden bitten wir um eine formlose Anmeldung an:\u00a0<a href=\"mailto:info@tag-der-gfk.org\">info@tag-der-gfk.org<\/a> .<\/em><\/p>\n<p style=\"font-weight: 400;\"><em>Der Zugangslinks f\u00fcr beide Online-Treffen lautet: <\/em><a href=\"https:\/\/us02web.zoom.us\/j\/88493770889?pwd=ynOQm37YgbGX1rPrjnZn0n0LcYBlOJ.1\" data-saferedirecturl=\"https:\/\/www.google.com\/url?q=https:\/\/us02web.zoom.us\/j\/88493770889?pwd%3DynOQm37YgbGX1rPrjnZn0n0LcYBlOJ.1&amp;source=gmail&amp;ust=1770450079061000&amp;usg=AOvVaw0q4OvhcybsAZ3-Is5hjGpQ\">https:\/\/us02web.zoom.us\/j\/88493770889?pwd=ynOQm37YgbGX1rPrjnZn0n0LcYBlOJ.1<\/a><em>.<\/em><\/p>\n<p style=\"text-align: center;\">\u00dcbrigens findest Du uns auch bei Linkedin:<br \/>\n<a href=\"https:\/\/www.linkedin.com\/in\/tag-der-gewaltfreien-kommunikation\/\" target=\"_blank\" rel=\"noopener\">https:\/\/www.linkedin.com\/in\/tag-der-gewaltfreien-kommunikation\/<\/a><\/p>","protected":false},"excerpt":{"rendered":"<p>Mit diesem j\u00e4hrlich wiederkehrenden Gedenk- und Aktionstag english Version Motto 2026: &#8222;Gewaltfreie Kommunikation &#8211; f\u00fcr einen Zusammenhalt in Vielfalt&#8220; &#8222;NVC \u2013 for solidarity in diversity&#8220; leisten wir einen Beitrag zur Verbreitung der Gewaltfreien Kommunikation. Bist du mit dabei? Rund um den 6. Oktober feiern wir jedes Jahr den \u201eTag der Gewaltfreien Kommunikation\u201c (Tag der GFK) \u2013 an vielen Orten. Zur Wertsch\u00e4tzung des Lebenswerkes von Dr. Marshall B. Rosenberg wurde dieser Tag auf dessen Geburtstag gelegt. M\u00f6chtest du 1. zu Verst\u00e4ndnis&hellip;<\/p>","protected":false},"author":2,"featured_media":0,"parent":0,"menu_order":0,"comment_status":"closed","ping_status":"closed","template":"","meta":{"footnotes":""},"class_list":["post-8","page","type-page","status-publish","hentry"],"yoast_head":"<!-- This site is optimized with the Yoast SEO plugin v27.4 - https:\/\/yoast.com\/product\/yoast-seo-wordpress\/ -->\n<title>Startseite - Tag der Gewaltfreien Kommunikation<\/title>\n<meta name=\"description\" content=\"Herzlich willkommen auf der Webseite zum Tag der Gewaltfreien Kommunikation. Am 6. Oktober feiern wir diesen Gedenk- und Aktionstag leisten einen Beitrag...\" \/>\n<meta name=\"robots\" content=\"index, follow, max-snippet:-1, max-image-preview:large, max-video-preview:-1\" \/>\n<link rel=\"canonical\" href=\"https:\/\/www.tag-der-gfk.org\/en\/\" \/>\n<meta property=\"og:locale\" content=\"en_GB\" \/>\n<meta property=\"og:type\" content=\"article\" \/>\n<meta property=\"og:title\" content=\"Startseite - Tag der Gewaltfreien Kommunikation\" \/>\n<meta property=\"og:description\" content=\"Herzlich willkommen auf der Webseite zum Tag der Gewaltfreien Kommunikation. Am 6. Oktober feiern wir diesen Gedenk- und Aktionstag leisten einen Beitrag...\" \/>\n<meta property=\"og:url\" content=\"https:\/\/www.tag-der-gfk.org\/en\/\" \/>\n<meta property=\"og:site_name\" content=\"Tag der Gewaltfreien Kommunikation\" \/>\n<meta property=\"article:modified_time\" content=\"2026-02-06T13:57:36+00:00\" \/>\n<meta property=\"og:image\" content=\"https:\/\/www.tag-der-gfk.org\/wp-content\/uploads\/2018\/06\/Logo-Tag-der-GFK-final_mach_mit_1.jpg\" \/>\n\t<meta property=\"og:image:width\" content=\"4870\" \/>\n\t<meta property=\"og:image:height\" content=\"2285\" \/>\n\t<meta property=\"og:image:type\" content=\"image\/jpeg\" \/>\n<meta name=\"twitter:card\" content=\"summary_large_image\" \/>\n<meta name=\"twitter:label1\" content=\"Estimated reading time\" \/>\n\t<meta name=\"twitter:data1\" content=\"4 minutes\" \/>\n<script type=\"application\/ld+json\" class=\"yoast-schema-graph\">{\"@context\":\"https:\\\/\\\/schema.org\",\"@graph\":[{\"@type\":\"WebPage\",\"@id\":\"https:\\\/\\\/www.tag-der-gfk.org\\\/\",\"url\":\"https:\\\/\\\/www.tag-der-gfk.org\\\/\",\"name\":\"Startseite - Tag der Gewaltfreien Kommunikation\",\"isPartOf\":{\"@id\":\"https:\\\/\\\/www.tag-der-gfk.org\\\/#website\"},\"primaryImageOfPage\":{\"@id\":\"https:\\\/\\\/www.tag-der-gfk.org\\\/#primaryimage\"},\"image\":{\"@id\":\"https:\\\/\\\/www.tag-der-gfk.org\\\/#primaryimage\"},\"thumbnailUrl\":\"https:\\\/\\\/www.tag-der-gfk.org\\\/wp-content\\\/uploads\\\/2018\\\/06\\\/Logo-Tag-der-GFK-final_mach_mit_1-300x141.jpg\",\"datePublished\":\"2018-04-21T20:32:38+00:00\",\"dateModified\":\"2026-02-06T13:57:36+00:00\",\"description\":\"Herzlich willkommen auf der Webseite zum Tag der Gewaltfreien Kommunikation. Am 6. Oktober feiern wir diesen Gedenk- und Aktionstag leisten einen Beitrag...\",\"breadcrumb\":{\"@id\":\"https:\\\/\\\/www.tag-der-gfk.org\\\/#breadcrumb\"},\"inLanguage\":\"en-GB\",\"potentialAction\":[{\"@type\":\"ReadAction\",\"target\":[\"https:\\\/\\\/www.tag-der-gfk.org\\\/\"]}]},{\"@type\":\"ImageObject\",\"inLanguage\":\"en-GB\",\"@id\":\"https:\\\/\\\/www.tag-der-gfk.org\\\/#primaryimage\",\"url\":\"https:\\\/\\\/www.tag-der-gfk.org\\\/wp-content\\\/uploads\\\/2018\\\/06\\\/Logo-Tag-der-GFK-final_mach_mit_1-300x141.jpg\",\"contentUrl\":\"https:\\\/\\\/www.tag-der-gfk.org\\\/wp-content\\\/uploads\\\/2018\\\/06\\\/Logo-Tag-der-GFK-final_mach_mit_1-300x141.jpg\"},{\"@type\":\"BreadcrumbList\",\"@id\":\"https:\\\/\\\/www.tag-der-gfk.org\\\/#breadcrumb\",\"itemListElement\":[{\"@type\":\"ListItem\",\"position\":1,\"name\":\"Startseite\",\"item\":\"https:\\\/\\\/www.tag-der-gfk.org\\\/\"},{\"@type\":\"ListItem\",\"position\":2,\"name\":\"Startseite\"}]},{\"@type\":\"WebSite\",\"@id\":\"https:\\\/\\\/www.tag-der-gfk.org\\\/#website\",\"url\":\"https:\\\/\\\/www.tag-der-gfk.org\\\/\",\"name\":\"Tag der Gewaltfreien Kommunikation\",\"description\":\"\",\"publisher\":{\"@id\":\"https:\\\/\\\/www.tag-der-gfk.org\\\/#organization\"},\"potentialAction\":[{\"@type\":\"SearchAction\",\"target\":{\"@type\":\"EntryPoint\",\"urlTemplate\":\"https:\\\/\\\/www.tag-der-gfk.org\\\/?s={search_term_string}\"},\"query-input\":{\"@type\":\"PropertyValueSpecification\",\"valueRequired\":true,\"valueName\":\"search_term_string\"}}],\"inLanguage\":\"en-GB\"},{\"@type\":\"Organization\",\"@id\":\"https:\\\/\\\/www.tag-der-gfk.org\\\/#organization\",\"name\":\"Projektgruppe Tag der Gewaltfreien Kommunikation\",\"url\":\"https:\\\/\\\/www.tag-der-gfk.org\\\/\",\"logo\":{\"@type\":\"ImageObject\",\"inLanguage\":\"en-GB\",\"@id\":\"https:\\\/\\\/www.tag-der-gfk.org\\\/#\\\/schema\\\/logo\\\/image\\\/\",\"url\":\"https:\\\/\\\/www.tag-der-gfk.org\\\/wp-content\\\/uploads\\\/2018\\\/08\\\/Logo-Tag-der-GFK-final-Durckqualit\u00e4t.jpg\",\"contentUrl\":\"https:\\\/\\\/www.tag-der-gfk.org\\\/wp-content\\\/uploads\\\/2018\\\/08\\\/Logo-Tag-der-GFK-final-Durckqualit\u00e4t.jpg\",\"width\":4870,\"height\":2285,\"caption\":\"Projektgruppe Tag der Gewaltfreien Kommunikation\"},\"image\":{\"@id\":\"https:\\\/\\\/www.tag-der-gfk.org\\\/#\\\/schema\\\/logo\\\/image\\\/\"}}]}<\/script>\n<!-- \/ Yoast SEO plugin. -->","yoast_head_json":{"title":"Home - Day of Nonviolent Communication","description":"Welcome to the day of  nonviolent communication website. On October 6th we celebrate this commemoration and action day ...","robots":{"index":"index","follow":"follow","max-snippet":"max-snippet:-1","max-image-preview":"max-image-preview:large","max-video-preview":"max-video-preview:-1"},"canonical":"https:\/\/www.tag-der-gfk.org\/en\/","og_locale":"en_GB","og_type":"article","og_title":"Startseite - Tag der Gewaltfreien Kommunikation","og_description":"Herzlich willkommen auf der Webseite zum Tag der Gewaltfreien Kommunikation. Am 6. Oktober feiern wir diesen Gedenk- und Aktionstag leisten einen Beitrag...","og_url":"https:\/\/www.tag-der-gfk.org\/en\/","og_site_name":"Tag der Gewaltfreien Kommunikation","article_modified_time":"2026-02-06T13:57:36+00:00","og_image":[{"width":4870,"height":2285,"url":"https:\/\/www.tag-der-gfk.org\/wp-content\/uploads\/2018\/06\/Logo-Tag-der-GFK-final_mach_mit_1.jpg","type":"image\/jpeg"}],"twitter_card":"summary_large_image","twitter_misc":{"Estimated reading time":"4 minutes"},"schema":{"@context":"https:\/\/schema.org","@graph":[{"@type":"WebPage","@id":"https:\/\/www.tag-der-gfk.org\/","url":"https:\/\/www.tag-der-gfk.org\/","name":"Home - Day of Nonviolent Communication","isPartOf":{"@id":"https:\/\/www.tag-der-gfk.org\/#website"},"primaryImageOfPage":{"@id":"https:\/\/www.tag-der-gfk.org\/#primaryimage"},"image":{"@id":"https:\/\/www.tag-der-gfk.org\/#primaryimage"},"thumbnailUrl":"https:\/\/www.tag-der-gfk.org\/wp-content\/uploads\/2018\/06\/Logo-Tag-der-GFK-final_mach_mit_1-300x141.jpg","datePublished":"2018-04-21T20:32:38+00:00","dateModified":"2026-02-06T13:57:36+00:00","description":"Welcome to the day of  nonviolent communication website. On October 6th we celebrate this commemoration and action day ...","breadcrumb":{"@id":"https:\/\/www.tag-der-gfk.org\/#breadcrumb"},"inLanguage":"en-GB","potentialAction":[{"@type":"ReadAction","target":["https:\/\/www.tag-der-gfk.org\/"]}]},{"@type":"ImageObject","inLanguage":"en-GB","@id":"https:\/\/www.tag-der-gfk.org\/#primaryimage","url":"https:\/\/www.tag-der-gfk.org\/wp-content\/uploads\/2018\/06\/Logo-Tag-der-GFK-final_mach_mit_1-300x141.jpg","contentUrl":"https:\/\/www.tag-der-gfk.org\/wp-content\/uploads\/2018\/06\/Logo-Tag-der-GFK-final_mach_mit_1-300x141.jpg"},{"@type":"BreadcrumbList","@id":"https:\/\/www.tag-der-gfk.org\/#breadcrumb","itemListElement":[{"@type":"ListItem","position":1,"name":"Startseite","item":"https:\/\/www.tag-der-gfk.org\/"},{"@type":"ListItem","position":2,"name":"Startseite"}]},{"@type":"WebSite","@id":"https:\/\/www.tag-der-gfk.org\/#website","url":"https:\/\/www.tag-der-gfk.org\/","name":"Day of Nonviolent Communication","description":"","publisher":{"@id":"https:\/\/www.tag-der-gfk.org\/#organization"},"potentialAction":[{"@type":"SearchAction","target":{"@type":"EntryPoint","urlTemplate":"https:\/\/www.tag-der-gfk.org\/?s={search_term_string}"},"query-input":{"@type":"PropertyValueSpecification","valueRequired":true,"valueName":"search_term_string"}}],"inLanguage":"en-GB"},{"@type":"Organization","@id":"https:\/\/www.tag-der-gfk.org\/#organization","name":"Projektgruppe Tag der Gewaltfreien Kommunikation","url":"https:\/\/www.tag-der-gfk.org\/","logo":{"@type":"ImageObject","inLanguage":"en-GB","@id":"https:\/\/www.tag-der-gfk.org\/#\/schema\/logo\/image\/","url":"https:\/\/www.tag-der-gfk.org\/wp-content\/uploads\/2018\/08\/Logo-Tag-der-GFK-final-Durckqualit\u00e4t.jpg","contentUrl":"https:\/\/www.tag-der-gfk.org\/wp-content\/uploads\/2018\/08\/Logo-Tag-der-GFK-final-Durckqualit\u00e4t.jpg","width":4870,"height":2285,"caption":"Projektgruppe Tag der Gewaltfreien Kommunikation"},"image":{"@id":"https:\/\/www.tag-der-gfk.org\/#\/schema\/logo\/image\/"}}]}},"_links":{"self":[{"href":"https:\/\/www.tag-der-gfk.org\/en\/wp-json\/wp\/v2\/pages\/8","targetHints":{"allow":["GET"]}}],"collection":[{"href":"https:\/\/www.tag-der-gfk.org\/en\/wp-json\/wp\/v2\/pages"}],"about":[{"href":"https:\/\/www.tag-der-gfk.org\/en\/wp-json\/wp\/v2\/types\/page"}],"author":[{"embeddable":true,"href":"https:\/\/www.tag-der-gfk.org\/en\/wp-json\/wp\/v2\/users\/2"}],"replies":[{"embeddable":true,"href":"https:\/\/www.tag-der-gfk.org\/en\/wp-json\/wp\/v2\/comments?post=8"}],"version-history":[{"count":22,"href":"https:\/\/www.tag-der-gfk.org\/en\/wp-json\/wp\/v2\/pages\/8\/revisions"}],"predecessor-version":[{"id":142953,"href":"https:\/\/www.tag-der-gfk.org\/en\/wp-json\/wp\/v2\/pages\/8\/revisions\/142953"}],"wp:attachment":[{"href":"https:\/\/www.tag-der-gfk.org\/en\/wp-json\/wp\/v2\/media?parent=8"}],"curies":[{"name":"wp","href":"https:\/\/api.w.org\/{rel}","templated":true}]}}